{"id":223,"date":"2017-05-26T10:28:54","date_gmt":"2017-05-26T08:28:54","guid":{"rendered":"http:\/\/2017.chiclana.wordcamp.org\/?page_id=223"},"modified":"2017-06-09T14:07:48","modified_gmt":"2017-06-09T12:07:48","slug":"ubicacion","status":"publish","type":"page","link":"https:\/\/chiclana.wordcamp.org\/2017\/ubicacion\/","title":{"rendered":"Ubicaci\u00f3n"},"content":{"rendered":"<p>La WordCamp Chiclana 2017 se celebrar\u00e1 en <a href=\"https:\/\/es.wikipedia.org\/wiki\/Chiclana_de_la_Frontera\">Chiclana de la Frontera, C\u00e1diz<\/a>, en el <strong>Centro bOx.<\/strong><\/p>\n<p>A continuaci\u00f3n encontrar\u00e1s informaci\u00f3n sobre su localizaci\u00f3n, m\u00e9todos de contacto (como el tel\u00e9fono o el correo electr\u00f3nico) y el horario en el que abrir\u00e1n durante el evento.<\/p>\n<p>Para m\u00e1s informaci\u00f3n, visita su p\u00e1gina web:<br \/>\n<a href=\"http:\/\/www.centrobox.es\/\">http:\/\/www.centrobox.es\/<\/a><\/p>\n<h2>Centro bOx<\/h2>\n<p>Calle de Severo Ochoa s\/n &#8211; 11130 Chiclana de la Frontera (C\u00e1diz)<\/strong><br \/>\n<strong>Tel\u00e9fono \/ Fax:<\/strong> 956 40 60 56 \/ 956 40 60 56<br \/>\n<strong>Correo Electr\u00f3nico:<\/strong> administracion@centrobox.es<br \/>\n<strong>Horario en el que se celebrar\u00e1 la WordCamp Chiclana 2017:<\/strong><br \/>\n<strong>S\u00e1bado 7 de octubre<\/strong> de 9:30 a 20:30<\/strong><br \/>\n<strong>Domingo 8 de octubre<\/strong>\u00a0a partir de las 11:00 (horario por concretar)<\/p>\n<div class=\"googlemaps\">\n\t\t\t\t<iframe loading=\"lazy\" width=\"100\" height=\"450\" frameborder=\"0\" scrolling=\"no\" marginheight=\"0\" marginwidth=\"0\"  src=\"https:\/\/www.google.com\/maps\/embed?pb=!1m18!1m12!1m3!1d674.8821460621065!2d-6.154699994614916!3d36.426160202444805!2m3!1f0!2f0!3f0!3m2!1i1024!2i768!4f13.1!3m3!1m2!1s0x0:0x7df46ca503959e6e!2sCentro%20de%20Iniciativas%20Juveniles%20Box!5e0!3m2!1ses!2sus!4v1496316096877\"><\/iframe>\n\t\t\t<\/div>\n<div class=\"googlemaps\">\n\t\t\t\t<iframe loading=\"lazy\" width=\"100\" height=\"450\" frameborder=\"0\" scrolling=\"no\" marginheight=\"0\" marginwidth=\"0\"  src=\"https:\/\/www.google.com\/maps\/embed?pb=!1m0!3m2!1ses!2sus!4v1496314334386!6m8!1m7!1sV1FDnfmyvVpXwj9jQmvzNg!2m2!1d36.42577446021652!2d-6.154597662851387!3f306!4f0!5f0.7820865974627469\"><\/iframe>\n\t\t\t<\/div>\n","protected":false},"excerpt":{"rendered":"<p>La WordCamp Chiclana 2017 se celebrar\u00e1 en Chiclana de la Frontera, C\u00e1diz, en el Centro bOx. A continuaci\u00f3n encontrar\u00e1s informaci\u00f3n sobre su localizaci\u00f3n, m\u00e9todos de contacto (como el tel\u00e9fono o el correo electr\u00f3nico) y el horario en el que abrir\u00e1n durante el evento. Para m\u00e1s informaci\u00f3n, visita su p\u00e1gina web: http:\/\/www.centrobox.es\/ Centro bOx Calle de &hellip; <a href=\"https:\/\/chiclana.wordcamp.org\/2017\/ubicacion\/\" class=\"more-link\">Sigue leyendo <span class=\"screen-reader-text\">Ubicaci\u00f3n<\/span><\/a><\/p>\n","protected":false},"author":15160168,"featured_media":0,"parent":0,"menu_order":0,"comment_status":"closed","ping_status":"closed","template":"","meta":{"jetpack_post_was_ever_published":false,"footnotes":""},"class_list":["post-223","page","type-page","status-publish","hentry"],"jetpack_sharing_enabled":true,"jetpack_shortlink":"https:\/\/wp.me\/P81f3U-3B","jetpack_likes_enabled":false,"_links":{"self":[{"href":"https:\/\/chiclana.wordcamp.org\/2017\/wp-json\/wp\/v2\/pages\/223","targetHints":{"allow":["GET"]}}],"collection":[{"href":"https:\/\/chiclana.wordcamp.org\/2017\/wp-json\/wp\/v2\/pages"}],"about":[{"href":"https:\/\/chiclana.wordcamp.org\/2017\/wp-json\/wp\/v2\/types\/page"}],"author":[{"embeddable":true,"href":"https:\/\/chiclana.wordcamp.org\/2017\/wp-json\/wp\/v2\/users\/15160168"}],"replies":[{"embeddable":true,"href":"https:\/\/chiclana.wordcamp.org\/2017\/wp-json\/wp\/v2\/comments?post=223"}],"version-history":[{"count":21,"href":"https:\/\/chiclana.wordcamp.org\/2017\/wp-json\/wp\/v2\/pages\/223\/revisions"}],"predecessor-version":[{"id":2650,"href":"https:\/\/chiclana.wordcamp.org\/2017\/wp-json\/wp\/v2\/pages\/223\/revisions\/2650"}],"wp:attachment":[{"href":"https:\/\/chiclana.wordcamp.org\/2017\/wp-json\/wp\/v2\/media?parent=223"}],"curies":[{"name":"wp","href":"https:\/\/api.w.org\/{rel}","templated":true}]}}