{"id":227,"date":"2017-05-26T10:31:26","date_gmt":"2017-05-26T08:31:26","guid":{"rendered":"http:\/\/2017.chiclana.wordcamp.org\/?page_id=227"},"modified":"2017-10-03T16:29:12","modified_gmt":"2017-10-03T14:29:12","slug":"patrocina","status":"publish","type":"page","link":"https:\/\/chiclana.wordcamp.org\/2017\/patrocina\/","title":{"rendered":"\u00a1Patrocina!"},"content":{"rendered":"<p>Patrocinar una WordCamp siempre es una buena idea.<\/p>\n<p><strong>Patrocinar WordCamp Chiclana 2017<\/strong> te permite apoyar\u00a0a la comunidad WordPress local gaditana y espa\u00f1ola, al mismo tiempo que das a conocer tu empresa all\u00ed donde est\u00e1n tus clientes: Empresas que usan WordPress para sus sitios web, blogeros, dise\u00f1adores, desarrolladores, usuarios de hosting, dominios, themes, plugins y todo un mundo de servicios relacionados con WordPress.<\/p>\n<p>No lo dudes, tu empresa o negocio debe estar aqu\u00ed.<\/p>\n<p>Elige tu nivel de patrocinio y contacta con nosotros para formalizarlo.<\/p>\n<p>\u00a1Gracias!<\/p>\n<h2>NIVELES DE PATROCINIO<\/h2>\n<h2>Super Administrador (1000 euros)<\/h2>\n<p>Si deseas que tu empresa o negocio tenga <strong>la m\u00e1xima presencia y visibilidad en el evento<\/strong> este es tu nivel.<\/p>\n<p><strong><del>5 disponibles<\/del> <span style=\"color: #ff0000\">\u00a1AGOTADOS!<\/span><\/strong><\/p>\n<ul>\n<li><strong>4 entradas <\/strong>al evento.<\/li>\n<li><strong>4 asientos VIP<\/strong>\u00a0frente al escenario.<\/li>\n<li><strong><span style=\"color: #ff0000\">2 invitaciones personales<\/span> a la cena<\/strong> de patrocinadores y ponentes.<\/li>\n<li><span style=\"color: #ff0000\"><strong>Menci\u00f3n especial <\/strong><\/span>en la presentaci\u00f3n y cierre del evento.<\/li>\n<li><strong><span style=\"color: #ff0000\">Post de agradecimiento<\/span> en la web del evento<\/strong> (<a href=\"https:\/\/2017.chiclana.wordcamp.org\">https:\/\/2017.chiclana.wordcamp.org<\/a>) con tu logo, nivel de patrocinio y una descripci\u00f3n de tu empresa. (<strong>Este post permanecer\u00e1 publicado durante toda la vida de nuestro sitio web).<\/strong><\/li>\n<li><span style=\"color: #ff0000\"><strong>Promoci\u00f3n cont\u00ednua a trav\u00e9s de redes sociales<\/strong><\/span> desde el momento de la contrataci\u00f3n del patrocinio y hasta el d\u00eda del evento, momento en el cual intensificaremos la promoci\u00f3n.<\/li>\n<li><span style=\"color: #ff0000\"><strong>Logo de tu empresa<\/strong><\/span> en la secci\u00f3n de Patrocinadores del sitio web.<\/li>\n<li><span style=\"color: #ff0000\"><strong>Logo de tu empresa en slide<\/strong><\/span> que aparecer\u00e1 en la pantalla principal en las pausas entre ponencias, durante la comida, etc.<\/li>\n<li><strong>Agradecimiento en Twitter y Facebook<\/strong> indicando tu nivel de patrocinio.<\/li>\n<li><span style=\"color: #ff0000\"><strong>2 mesas<\/strong><\/span> o 1 stand port\u00e1til durante la WordCamp <strong>(aprox. 2 metros de largo)<\/strong><\/li>\n<li>Posibilidad de ubicar <strong><span style=\"color: #ff0000\">hasta 3 Roll-up<\/span> durante el evento:<\/strong>\n<ul>\n<li><strong>1 Roll-up durante el evento<\/strong>\u00a0(m\u00e1ximo 1 metro) junto al <strong>escenario principal.<\/strong><\/li>\n<li><strong>1 Roll-up durante el evento<\/strong>\u00a0(m\u00e1ximo 1 metro) en las <strong>salas donde tendr\u00e1n lugar los talleres<\/strong> (al menos habr\u00e1 una sala de talleres adicional)<\/li>\n<li><strong>1 Roll-up durante el evento<\/strong>\u00a0(m\u00e1ximo 1 metro) <strong>en la zona com\u00fan.<\/strong><\/li>\n<\/ul>\n<\/li>\n<li>Posibilidad de ofrecer <strong>1 flyer publicitario<\/strong> en la bolsa de bienvenida (tama\u00f1o m\u00e1ximo A4)<\/li>\n<li>Posibilidad de ofrecer hasta <strong>2 elementos de merchandising<\/strong> (previa aprobaci\u00f3n) en la bolsa de bienvenida.<\/li>\n<li>Posibilidad de realizar <strong>sorteo durante el evento (en el stand y anunciado en el escenario principal).<\/strong><\/li>\n<li><strong>Distintivo en las acreditaciones<\/strong> indicando el nivel de patrocinio.<\/li>\n<\/ul>\n<h2 id=\"administrador\">Administrador (750 euros)<\/h2>\n<p>Una opci\u00f3n muy interesante a tener en cuenta. <strong>Presencia y visibilidad durante todo el evento<\/strong> al mejor precio.<\/p>\n<p><strong><del>4 disponibles<\/del> <span style=\"color: #ff0000\">\u00a1AGOTADOS!<\/span><\/strong><\/p>\n<ul>\n<li><strong>2 entradas <\/strong>al evento.<\/li>\n<li><strong>2 asientos VIP<\/strong>\u00a0frente al escenario.<\/li>\n<li><strong><span style=\"color: #ff0000\">2 invitaciones personales<\/span> a la cena<\/strong> de patrocinadores y ponentes.<\/li>\n<li><span style=\"color: #ff0000\"><strong>Menci\u00f3n especial<\/strong><\/span> en la presentaci\u00f3n y cierre del evento.<\/li>\n<li><strong><span style=\"color: #ff0000\">Post de agradecimiento<\/span> en la web del evento<\/strong> (<a href=\"https:\/\/2017.chiclana.wordcamp.org\">https:\/\/2017.chiclana.wordcamp.org<\/a>) con tu logo, nivel de patrocinio y una descripci\u00f3n de tu empresa. (<strong>Este post permanecer\u00e1 publicado durante toda la vida de nuestro sitio web).<\/strong><\/li>\n<li><span style=\"color: #ff0000\"><strong>Promoci\u00f3n cont\u00ednua a trav\u00e9s de redes sociales<\/strong><\/span> desde el momento de la contrataci\u00f3n del patrocinio y hasta el d\u00eda del evento, momento en el cual intensificaremos la promoci\u00f3n.<\/li>\n<li><span style=\"color: #ff0000\"><strong>Logo de tu empresa<\/strong><\/span> en la secci\u00f3n de Patrocinadores del sitio web.<\/li>\n<li><span style=\"color: #ff0000\"><strong>Logo de tu empresa en slide<\/strong><\/span> que aparecer\u00e1 en la pantalla principal en las pausas entre ponencias, durante la comida, etc.<\/li>\n<li><strong>Agradecimiento en Twitter y Facebook<\/strong> indicando su nivel de patrocinio.<\/li>\n<li><span style=\"color: #ff0000\"><strong>1 mesa<\/strong><\/span>\u00a0o 1 stand port\u00e1til durante la WordCamp <strong>(aprox. 1 metro de largo)<\/strong><\/li>\n<li>Posibilidad de ubicar <strong><span style=\"color: #ff0000\">hasta 2 Roll-up<\/span> durante el evento:<\/strong>\n<ul>\n<li><strong>1 Roll-up durante el evento<\/strong>\u00a0(m\u00e1ximo 1 metro) junto al <strong>escenario principal.<\/strong><\/li>\n<li><strong>1 Roll-up durante el evento<\/strong>\u00a0(m\u00e1ximo 1 metro) <strong>en la zona com\u00fan.<\/strong><\/li>\n<\/ul>\n<\/li>\n<li>Posibilidad de ofrecer <strong>1 flyer publicitario<\/strong> en la bolsa de bienvenida (tama\u00f1o <strong>m\u00e1ximo A5<\/strong>)<\/li>\n<li>Posibilidad de ofrecer <strong>1\u00a0elemento de merchandising<\/strong> (previa aprobaci\u00f3n) en la bolsa de bienvenida.<\/li>\n<li><strong>Distintivo en las acreditaciones<\/strong> indicando el nivel de patrocinio.<\/li>\n<\/ul>\n<h2 id=\"editor\">\u00a0Editor (500 euros)<\/h2>\n<p>Una gran opci\u00f3n para que tu empresa disponga de un <strong>espacio de promoci\u00f3n en el evento.<\/strong><\/p>\n<p><strong><del>5 disponibles<\/del> <span style=\"color: #ff0000\">\u00a1AGOTADOS!<\/span>\u00a0<\/strong><\/p>\n<ul>\n<li><strong>2 entradas <\/strong>al evento.<\/li>\n<li><strong>2 asientos VIP<\/strong>\u00a0frente al escenario.<\/li>\n<li><strong><span style=\"color: #ff0000\">1 invitaci\u00f3n personal<\/span> a la cena<\/strong> de patrocinadores y ponentes (no incluye acompa\u00f1ante)<\/li>\n<li><span style=\"color: #ff0000\"><strong>Menci\u00f3n especial <\/strong><\/span>en la presentaci\u00f3n y cierre del evento.<\/li>\n<li><strong><span style=\"color: #ff0000\">Post de agradecimiento<\/span> en la web del evento<\/strong> (<a href=\"https:\/\/2017.chiclana.wordcamp.org\">https:\/\/2017.chiclana.wordcamp.org<\/a>) con tu logo, nivel de patrocinio y una descripci\u00f3n de tu empresa.\u00a0<strong>Este post permanecer\u00e1 publicado durante toda la vida de nuestro sitio web.<\/strong><\/li>\n<li><span style=\"color: #ff0000\"><strong>Promoci\u00f3n cont\u00ednua a trav\u00e9s de redes sociales<\/strong><\/span> desde el momento de la contrataci\u00f3n del patrocinio y hasta el d\u00eda del evento, momento en el cual intensificaremos la promoci\u00f3n.<\/li>\n<li><span style=\"color: #ff0000\"><strong>Logo de tu empresa<\/strong><\/span> en la secci\u00f3n de Patrocinadores del sitio web.<\/li>\n<li><span style=\"color: #ff0000\"><strong>Logo de tu empresa en slide<\/strong><\/span> que aparecer\u00e1 en la pantalla principal en las pausas entre ponencias, durante la comida, etc.<\/li>\n<li><strong>Agradecimiento en Twitter y Facebook<\/strong> indicando su nivel de patrocinio.<\/li>\n<li><span style=\"color: #ff0000\"><strong>1 mesa<\/strong><\/span>\u00a0o stand port\u00e1til durante la WordCamp <strong>(aprox. 1 metro de largo)<\/strong><\/li>\n<li>Posibilidad de ofrecer <strong>1\u00a0elemento de merchandising<\/strong> (previa aprobaci\u00f3n) en la bolsa de bienvenida.<\/li>\n<li><strong>Distintivo en las acreditaciones<\/strong> indicando el nivel de patrocinio.<\/li>\n<\/ul>\n<h2 id=\"autor\">Autor (250 euros)<\/h2>\n<p><strong>\u00bfTe gustar\u00eda patrocinar el evento pero no quieres montar stand?<\/strong> Este es tu nivel.<\/p>\n<p><strong><del>10 disponibles<\/del> <span style=\"color: #ff0000\">\u00a1AGOSTADOS!<\/span><\/strong><\/p>\n<ul>\n<li><strong>2 entradas<\/strong> al evento.<\/li>\n<li><span style=\"color: #ff0000\"><strong>Menci\u00f3n especial <\/strong><\/span>en la presentaci\u00f3n y cierre del evento.<\/li>\n<li><strong>Post de agradecimiento<\/strong> en la web del evento (<a href=\"https:\/\/2017.chiclana.wordcamp.org\">https:\/\/2017.chiclana.wordcamp.org<\/a>) con tu logo, nivel de patrocinio y una descripci\u00f3n de tu empresa. (<strong>Este post permanecer\u00e1 publicado durante toda la vida de nuestro sitio web).<\/strong><\/li>\n<li><strong>Logo de tu empresa<\/strong> en la secci\u00f3n de Patrocinadores del sitio web.<\/li>\n<li><strong>Agradecimiento<\/strong> en Twitter y Facebook indicando su nivel de patrocinio.<\/li>\n<li>Posibilidad de ofrecer hasta <strong>1 elemento de merchandising<\/strong> (previa aprobaci\u00f3n) en la bolsa de bienvenida.<\/li>\n<li><strong>Distintivo en las acreditaciones<\/strong> indicando el nivel de patrocinio.<\/li>\n<\/ul>\n<div class=\"aviso\">\n<h2>Otros tipos de patrocinio<\/h2>\n<ul>\n<li>\u00bfTienes un theme o plugin que te gustar\u00eda que probase la comunidad de usuarios?<\/li>\n<li>\u00bfTienes un producto o servicio relacionado con WordPress y te gustar\u00eda ofrecer un descuento a los asistentes a la WordCamp?<\/li>\n<li>\u00bfTe gustar\u00eda patrocinar los caf\u00e9s o la comida o bebida para el catering?<\/li>\n<\/ul>\n<p><a href=\"https:\/\/2017.chiclana.wordcamp.org\/contacto\/\">Contacta con nosotros<\/a>, estaremos encantados de estudiar cualquier tipo de propuesta.<\/p>\n<\/div>\n<h2>Formulario de contacto para PATROCINADORES<\/h2>\n<p><strong><span style=\"color: #ff0000\">LOS PATROCINIOS EST\u00c1N CERRADOS. \u00a1GRACIAS POR TU COLABORACI\u00d3N!<\/span><\/strong><\/p>\n<hr \/>\n<h2 id=\"micropatrocinios\">ENTRADAS ESPECIALES \/ MICROPATROCINIOS<\/h2>\n<h2 id=\"colaborador\">Colaborador (100 euros)<\/h2>\n<p><strong>Colabora con la comunidad<\/strong> al mismo tiempo que promocionas tu empresa o negocio.<\/p>\n<ul>\n<li><strong>1 entrada<\/strong> al evento.<\/li>\n<li><strong>Agradecimiento<\/strong> en Twitter.<\/li>\n<li>Aparecer\u00e1s en el listado de <a href=\"http:\/\/2017.chiclana.wordcamp.org\/micro-patrocinadores-colaborador\/\">Micro Patrocinadores \u00abColaborador\u00bb<\/a><\/li>\n<li><strong>Logo de tu empresa<\/strong> en la secci\u00f3n de Patrocinadores del sitio web.<\/li>\n<li><strong>Distintivo en tu acreditaci\u00f3n<\/strong> indicando el nivel de patrocinio.<\/li>\n<\/ul>\n<p><a class=\"btn-accion\" href=\"http:\/\/2017.chiclana.wordcamp.org\/compra-tu-entrada\/\">Compra tu entrada de patrocinador Colaborador<\/a><\/p>\n<h2 id=\"suscriptor\">Suscriptor (20 euros)<\/h2>\n<p>Ay\u00fadanos a ofrecer un gran evento. <strong>Por poco m\u00e1s del coste de la entrada b\u00e1sica,<\/strong> patrocina la WordCamp Chiclana 2017.<\/p>\n<p>\u00a1La comunidad te lo agradecer\u00e1!<\/p>\n<ul>\n<li><strong>1 entrada<\/strong> al evento.<\/li>\n<li><strong>Agradecimiento<\/strong> en Twitter.<\/li>\n<li>Aparecer\u00e1s en el listado de <a href=\"http:\/\/2017.chiclana.wordcamp.org\/micro-patrocinadores-suscriptor\/\">Micro Patrocinadores \u00abSuscriptor\u00bb<\/a><\/li>\n<li><strong>Distintivo en tu acreditaci\u00f3n<\/strong> indicando el nivel de patrocinio.<\/li>\n<\/ul>\n<p><a class=\"btn-accion\" href=\"http:\/\/2017.chiclana.wordcamp.org\/compra-tu-entrada\/\">Compra ahora tu entrada de patrocinador Suscriptor<\/a><br \/>\nPara cualquier aclaraci\u00f3n o consulta, <a href=\"http:\/\/2017.chiclana.wordcamp.org\/contacto\/\">contacta con nosotros.\u00a0<\/a><\/p>\n<p>&nbsp;<\/p>\n<p><strong>* Nota:<\/strong> Condiciones de patrocinio v\u00e1lidas salvo error tipogr\u00e1fico u omisi\u00f3n.<\/p>\n","protected":false},"excerpt":{"rendered":"<p>Patrocinar una WordCamp siempre es una buena idea. Patrocinar WordCamp Chiclana 2017 te permite apoyar\u00a0a la comunidad WordPress local gaditana y espa\u00f1ola, al mismo tiempo que das a conocer tu empresa all\u00ed donde est\u00e1n tus clientes: Empresas que usan WordPress para sus sitios web, blogeros, dise\u00f1adores, desarrolladores, usuarios de hosting, dominios, themes, plugins y todo &hellip; <a href=\"https:\/\/chiclana.wordcamp.org\/2017\/patrocina\/\" class=\"more-link\">Sigue leyendo <span class=\"screen-reader-text\">\u00a1Patrocina!<\/span><\/a><\/p>\n","protected":false},"author":15160168,"featured_media":0,"parent":0,"menu_order":0,"comment_status":"closed","ping_status":"closed","template":"","meta":{"jetpack_post_was_ever_published":false,"footnotes":""},"class_list":["post-227","page","type-page","status-publish","hentry"],"jetpack_sharing_enabled":true,"jetpack_shortlink":"https:\/\/wp.me\/P81f3U-3F","jetpack_likes_enabled":false,"_links":{"self":[{"href":"https:\/\/chiclana.wordcamp.org\/2017\/wp-json\/wp\/v2\/pages\/227","targetHints":{"allow":["GET"]}}],"collection":[{"href":"https:\/\/chiclana.wordcamp.org\/2017\/wp-json\/wp\/v2\/pages"}],"about":[{"href":"https:\/\/chiclana.wordcamp.org\/2017\/wp-json\/wp\/v2\/types\/page"}],"author":[{"embeddable":true,"href":"https:\/\/chiclana.wordcamp.org\/2017\/wp-json\/wp\/v2\/users\/15160168"}],"replies":[{"embeddable":true,"href":"https:\/\/chiclana.wordcamp.org\/2017\/wp-json\/wp\/v2\/comments?post=227"}],"version-history":[{"count":80,"href":"https:\/\/chiclana.wordcamp.org\/2017\/wp-json\/wp\/v2\/pages\/227\/revisions"}],"predecessor-version":[{"id":2651,"href":"https:\/\/chiclana.wordcamp.org\/2017\/wp-json\/wp\/v2\/pages\/227\/revisions\/2651"}],"wp:attachment":[{"href":"https:\/\/chiclana.wordcamp.org\/2017\/wp-json\/wp\/v2\/media?parent=227"}],"curies":[{"name":"wp","href":"https:\/\/api.w.org\/{rel}","templated":true}]}}