{"id":239,"date":"2017-05-26T10:34:53","date_gmt":"2017-05-26T08:34:53","guid":{"rendered":"http:\/\/2017.chiclana.wordcamp.org\/?page_id=239"},"modified":"2017-10-04T13:24:51","modified_gmt":"2017-10-04T11:24:51","slug":"programa","status":"publish","type":"page","link":"https:\/\/chiclana.wordcamp.org\/2017\/programa\/","title":{"rendered":"Programa"},"content":{"rendered":"<p>Programa de actividades para los d\u00edas 7 y 8 de octubre de 2017.<\/p>\n<div class=\"importante\"><strong>IMPORTANTE:<\/strong>\u00a0Los talleres tienen un <strong>aforo limitado<\/strong> y deber\u00e1s elegir <strong>dos talleres<\/strong> cuando te demos tu acreditaci\u00f3n a tu llegada, as\u00ed que,<br \/>\npor favor, ve pensando en al menos 4 talleres favoritos (por si se van acabando las plazas) \u00a1y s\u00e9 puntual!<\/div>\n<h2>S\u00c1BADO 7 OCTUBRE 2017<\/h2>\n<div class=\"tabla-programa\">\n<table class=\"programa\" style=\"height: 4057px\" width=\"605\">\n<tbody>\n<tr>\n<td class=\"vacio\" rowspan=\"3\"><\/td>\n<th>PONENCIA \/ TALLER<\/th>\n<th>SALA<\/th>\n<th>HORARIO<\/th>\n<\/tr>\n<tr>\n<td><strong>Apertura &#8211; Registro<\/strong><\/td>\n<td><strong>ACCESOS<\/strong><\/td>\n<td><strong>09:30 &#8211; 10:00<br \/>\n(30 min)<\/strong><\/td>\n<\/tr>\n<tr>\n<td><strong>Presentaci\u00f3n, agradecimientos y bienvenida<\/strong><\/td>\n<td><strong>SAL\u00d3N ACTOS<\/strong><\/td>\n<td><strong>10:00 &#8211; 10:15<br \/>\n(15 min)<\/strong><\/td>\n<\/tr>\n<tr>\n<td class=\"color-ponencia\"><strong>PONENCIA 1<\/strong><\/td>\n<td><strong>Fernando Tellado<\/strong><br \/>\n<a href=\"https:\/\/2017.chiclana.wordcamp.org\/4-cosillas-que-se-de-woocommerce\/\"><em>\u00ab4 cosillas que s\u00e9 de WooCommerce\u201d<\/em><\/a><\/p>\n<div class=\"nivel\">NIVEL MEDIO <i class=\"fa fa-wordpress\"><\/i><i class=\"fa fa-wordpress\"><\/i><\/div>\n<\/td>\n<td><strong>SAL\u00d3N ACTOS<\/strong><\/td>\n<td><strong>10:15 &#8211; 11:00<br \/>\n(45 min)<\/strong><\/td>\n<\/tr>\n<tr>\n<td class=\"color-ponencia\"><strong>PONENCIA 2<\/strong><\/td>\n<td><strong>M\u00aa Carmen de Alba<\/strong><br \/>\n<a href=\"https:\/\/2017.chiclana.wordcamp.org\/ponte-en-mi-lugar-y-hazlo-facil\/\"><em>\u201cPonte en mi lugar y hazlo f\u00e1cil\u201d<\/em><\/a><\/p>\n<div class=\"nivel\">NIVEL B\u00c1SICO <i class=\"fa fa-wordpress\"><\/i><\/div>\n<\/td>\n<td><strong>SAL\u00d3N ACTOS<\/strong><\/td>\n<td><strong>11:00 &#8211; 11:30<br \/>\n(30 min)<\/strong><\/td>\n<\/tr>\n<tr class=\"pausa\">\n<td colspan=\"3\">CAF\u00c9 NETWORKING<\/td>\n<td>11:30 &#8211; 12:00<br \/>\n(30 min)<\/td>\n<\/tr>\n<tr>\n<td class=\"color-ponencia\"><strong>PONENCIA 3<\/strong><\/td>\n<td><strong>Dar\u00edo BF<\/strong><br \/>\n<a href=\"https:\/\/2017.chiclana.wordcamp.org\/ponencia-editores-visuales-y-temas-multiproposito-destroyer-mode\/\"><em>\u201cEditores visuales y temas multiprop\u00f3sito: Destroyer Mode\u201d<\/em><\/a><\/p>\n<div class=\"nivel\">NIVEL B\u00c1SICO <i class=\"fa fa-wordpress\"><\/i><\/div>\n<\/td>\n<td><strong>SAL\u00d3N ACTOS<\/strong><\/td>\n<td><strong>12:00 &#8211; 12:45<br \/>\n(45 min)<\/strong><\/td>\n<\/tr>\n<tr>\n<td class=\"color-taller\"><strong>TALLER 1<\/strong><\/td>\n<td><strong>Jos\u00e9 Arcos<\/strong><br \/>\n<a href=\"https:\/\/2017.chiclana.wordcamp.org\/entornos-de-desarrollo-local-en-wordpress\/\"><em>\u201cEntornos de desarrollo local en WordPress\u201d<\/em><\/a><\/p>\n<div class=\"nivel\">NIVEL AVANZADO <i class=\"fa fa-wordpress\"><\/i> <i class=\"fa fa-wordpress\"><\/i> <i class=\"fa fa-wordpress\"><\/i><\/div>\n<\/td>\n<td><strong>SALA 1<\/strong><\/td>\n<td><strong>12:45 &#8211; 14:15<br \/>\n(90 min)<\/strong><\/td>\n<\/tr>\n<tr>\n<td class=\"color-taller\"><strong>TALLER 2<\/strong><\/td>\n<td><strong>Rafa Poveda<\/strong><br \/>\n<a href=\"https:\/\/2017.chiclana.wordcamp.org\/crea-tus-cursos-online-con-sensei-y-olvidate-de-los-membership\/\"><em>\u201cCrea tus cursos online con Sensei y olv\u00eddate de los membership\u201d<\/em><\/a><\/p>\n<div class=\"nivel\">NIVEL MEDIO <i class=\"fa fa-wordpress\"><\/i> <i class=\"fa fa-wordpress\"><\/i><\/div>\n<\/td>\n<td><strong>SALA 2<\/strong><\/td>\n<td><strong>12:45 &#8211; 14:15<br \/>\n(90 min)<\/strong><\/td>\n<\/tr>\n<tr>\n<td class=\"color-taller\"><strong>TALLER 3<\/strong><\/td>\n<td><strong>Ibon Azkoitia<\/strong><br \/>\n<a href=\"https:\/\/2017.chiclana.wordcamp.org\/la-magia-de-genesis-para-tus-desarrollos-a-medida\/\"><em>\u201cLa magia de Genesis para tus desarrollos a medida\u201d<\/em><\/a><\/p>\n<div class=\"nivel\">NIVEL MEDIO <i class=\"fa fa-wordpress\"><\/i> <i class=\"fa fa-wordpress\"><\/i><\/div>\n<\/td>\n<td><strong>SALA 3 <\/strong><\/td>\n<td><strong>12:45 &#8211; 14:15<br \/>\n(90 min)<\/strong><\/td>\n<\/tr>\n<tr>\n<td class=\"color-taller\"><strong>TALLER 4<\/strong><\/td>\n<td><strong>Antonio Torres<\/strong><br \/>\n<a href=\"https:\/\/2017.chiclana.wordcamp.org\/taller-creando-una-app-multiplataforma-con-wordpress-ionic\/\"><em>\u201cCreando una app multiplataforma con WordPress + Ionic\u201d<\/em><\/a><\/p>\n<div class=\"nivel\">NIVEL MEDIO <i class=\"fa fa-wordpress\"><\/i> <i class=\"fa fa-wordpress\"><\/i><\/div>\n<\/td>\n<td><strong>SALA 4<\/strong><\/td>\n<td><strong>12:45 &#8211; 14:15<br \/>\n(90 min)<\/strong><\/td>\n<\/tr>\n<tr>\n<td class=\"color-taller\"><strong>TALLER 5<\/strong><\/td>\n<td><strong>Ana Mar\u00eda Ros<\/strong><br \/>\n<a href=\"https:\/\/2017.chiclana.wordcamp.org\/taller-enamora-a-tu-publico-sin-olvidarte-de-google-yoast\/\"><em>\u201cEnamora a tu p\u00fablico, sin olvidarte de Google\u201d (Yoast)<\/em><\/a><\/p>\n<div class=\"nivel\">NIVEL B\u00c1SICO <i class=\"fa fa-wordpress\"><\/i><\/div>\n<\/td>\n<td><strong>SALA 5<\/strong><\/td>\n<td><strong>12:45 &#8211; 14:15<br \/>\n(90 min)<\/strong><\/td>\n<\/tr>\n<tr>\n<td class=\"color-taller\"><strong>TALLER 6<\/strong><\/td>\n<td><strong>Tom\u00e1s Sierra<\/strong><br \/>\n<a href=\"https:\/\/2017.chiclana.wordcamp.org\/hackeamos-wordpress\/\"><em>\u201c\u00bfHackeamos WordPress?\u201d<\/em><\/a><\/p>\n<div class=\"nivel\">NIVEL MEDIO <i class=\"fa fa-wordpress\"><\/i> <i class=\"fa fa-wordpress\"><\/i><\/div>\n<\/td>\n<td><strong>SALA 6<\/strong><\/td>\n<td><strong>12:45 &#8211; 14:15<br \/>\n(90 min)<\/strong><\/td>\n<\/tr>\n<tr class=\"pausa\">\n<td colspan=\"3\">COMIDA NETWORKING<\/td>\n<td>14:15 &#8211; 15:15<br \/>\n(60 min)<\/td>\n<\/tr>\n<tr>\n<td class=\"color-ponencia\"><strong>PONENCIA 4<\/strong><\/td>\n<td><strong>Mauricio Gelves<\/strong><br \/>\n<a href=\"https:\/\/2017.chiclana.wordcamp.org\/ponencia-gutenberg-pros-y-contras-de-este-gran-cambio-en-wordpress\/\"><em>\u201cEl nuevo editor Gutenberg: pros y contras de este gran cambio en WordPress\u201d<\/em><\/a><\/p>\n<div class=\"nivel\">NIVEL B\u00c1SICO <i class=\"fa fa-wordpress\"><\/i><\/div>\n<\/td>\n<td><strong>SAL\u00d3N DE ACTOS<\/strong><\/td>\n<td><strong>15:15 &#8211; 16:00<br \/>\n(45 min)<\/strong><\/td>\n<\/tr>\n<tr>\n<td class=\"color-ponencia\"><strong>PONENCIA 5<\/strong><\/td>\n<td><strong>Roc\u00edo Valdivia<\/strong><br \/>\n<a href=\"https:\/\/2017.chiclana.wordcamp.org\/como-involucrarte-y-contribuir-con-los-equipos-globales-de-make-wordpress-org-mi-experiencia\/\"><em>\u00abC\u00f3mo involucrarte y contribuir con los equipos globales de Make.WordPress.org: mi experiencia\u00bb<\/em><\/a><\/p>\n<div class=\"nivel\">NIVEL B\u00c1SICO <i class=\"fa fa-wordpress\"><\/i><\/div>\n<\/td>\n<td><strong>SAL\u00d3N DE ACTOS<\/strong><\/td>\n<td><strong>16:00 &#8211; 16:45<br \/>\n(45 min)<\/strong><\/td>\n<\/tr>\n<tr>\n<td class=\"color-ponencia\"><strong>PONENCIA 6<\/strong><\/td>\n<td><strong>Joan Art\u00e9s<\/strong><br \/>\n<a href=\"https:\/\/2017.chiclana.wordcamp.org\/gestionando-proyectos-wordpress-sin-estres\/\"><em>\u201cGestionando proyectos de WordPress sin Estr\u00e9s\u201d<\/em><\/a><\/p>\n<div class=\"nivel\">NIVEL B\u00c1SICO <i class=\"fa fa-wordpress\"><\/i><\/div>\n<\/td>\n<td><strong>SAL\u00d3N DE ACTOS<\/strong><\/td>\n<td><strong>16:45 &#8211; 17:30<br \/>\n(45 min)<\/strong><\/td>\n<\/tr>\n<tr class=\"pausa\">\n<td colspan=\"3\">CAF\u00c9 NETWORKING<\/td>\n<td>17:30 &#8211; 18:00<br \/>\n(30 min)<\/td>\n<\/tr>\n<tr>\n<td class=\"color-ponencia\"><strong>PONENCIA 7<\/strong><\/td>\n<td><strong>Fernando Puente<\/strong><br \/>\n<a href=\"https:\/\/2017.chiclana.wordcamp.org\/ponencia-wordpress-presente-y-futuro-laboral\/\"><em>\u201cWordPress: Presente y futuro laboral.\u201d<\/em><\/a><\/p>\n<div class=\"nivel\">NIVEL B\u00c1SICO <i class=\"fa fa-wordpress\"><\/i><\/div>\n<\/td>\n<td><strong>SAL\u00d3N DE ACTOS<\/strong><\/td>\n<td><strong>18:00 &#8211; 18:45<br \/>\n(45 min)<\/strong><\/td>\n<\/tr>\n<tr>\n<td class=\"color-taller\"><strong>TALLER 7<\/strong><\/td>\n<td><strong>Rafa Ramos<\/strong><br \/>\n<a href=\"https:\/\/2017.chiclana.wordcamp.org\/compitiendo-en-adwords-con-wordpress\/\"><em>\u201cCompitiendo en AdWords con WordPress\u201d<\/em><\/a><\/p>\n<div class=\"nivel\">NIVEL MEDIO <i class=\"fa fa-wordpress\"><\/i><i class=\"fa fa-wordpress\"><\/i><\/div>\n<\/td>\n<td><strong>SALA 1<\/strong><\/td>\n<td><strong>18:45 &#8211; 20:15<br \/>\n(90 min)<\/strong><\/td>\n<\/tr>\n<tr>\n<td class=\"color-taller\"><strong>TALLER 8<\/strong><\/td>\n<td><strong>Alejandro Gil Mialdea<\/strong><br \/>\n<a href=\"https:\/\/2017.chiclana.wordcamp.org\/taller-como-migrar-tu-wordpress-a-https\/\"><em>\u201cComo migrar tu WordPress a https\u201d<\/em><\/a><\/p>\n<div class=\"nivel\">NIVEL MEDIO <i class=\"fa fa-wordpress\"><\/i> <i class=\"fa fa-wordpress\"><\/i><\/div>\n<\/td>\n<td><strong>SALA 2<\/strong><\/td>\n<td><strong>18:45 &#8211; 20:15<br \/>\n(90 min)<\/strong><\/td>\n<\/tr>\n<tr>\n<td class=\"color-taller\"><strong>TALLER 9<\/strong><\/td>\n<td><strong>Pablo Poveda Ortega<\/strong><br \/>\n<a href=\"https:\/\/2017.chiclana.wordcamp.org\/dispara-tu-productividad-con-wp-cli\/\"><em>\u201cDispara tu productividad con WP-CLI\u201d<\/em><\/a><\/p>\n<div class=\"nivel\">NIVEL AVANZADO <i class=\"fa fa-wordpress\"><\/i> <i class=\"fa fa-wordpress\"><\/i> <i class=\"fa fa-wordpress\"><\/i><\/div>\n<\/td>\n<td><strong>SALA 3<\/strong><\/td>\n<td><strong>18:45 &#8211; 20:15<br \/>\n(90 min)<\/strong><\/td>\n<\/tr>\n<tr>\n<td class=\"color-taller\"><strong>TALLER 10<\/strong><\/td>\n<td><strong>Mariano P\u00e9rez<\/strong><br \/>\n<a href=\"https:\/\/2017.chiclana.wordcamp.org\/taller-como-elegir-un-theme-de-wordpress-en-el-que-puedas-confiar\/\"><em>\u201cC\u00f3mo elegir un theme de WordPress en el que puedas confiar\u201d<\/em><\/a><\/p>\n<div class=\"nivel\">NIVEL B\u00c1SICO <i class=\"fa fa-wordpress\"><\/i><\/div>\n<\/td>\n<td><strong>SALA 4<\/strong><\/td>\n<td><strong>18:45 &#8211; 20:15<br \/>\n(90 min)<\/strong><\/td>\n<\/tr>\n<tr>\n<td class=\"color-taller\"><strong>TALLER 11<\/strong><\/td>\n<td><strong>Jos\u00e9 Pardo<\/strong><br \/>\n<a href=\"https:\/\/2017.chiclana.wordcamp.org\/snippets-de-codigo-de-wordpress-para-dummies\/\"><em>\u201cSnippets de c\u00f3digo de WordPress para dummies\u201d<\/em><\/a><\/p>\n<div class=\"nivel\">NIVEL MEDIO <i class=\"fa fa-wordpress\"><\/i> <i class=\"fa fa-wordpress\"><\/i><\/div>\n<\/td>\n<td><strong>SALA 5<\/strong><\/td>\n<td><strong>18:45 &#8211; 20:15<br \/>\n(90 min)<\/strong><\/td>\n<\/tr>\n<tr>\n<td class=\"color-taller\"><strong>TALLER 12<\/strong><\/td>\n<td><strong>Andr\u00e9s Cifuentes y Amit kvint<\/strong><br \/>\n<a href=\"https:\/\/2017.chiclana.wordcamp.org\/vender-para-todo-el-mundo-woocommerce-multilingual\/\"><em>\u201cC\u00f3mo traducir tu tienda WooCommerce con WPML\u201d<\/em><\/a><\/p>\n<div class=\"nivel\">NIVEL MEDIO <i class=\"fa fa-wordpress\"><\/i> <i class=\"fa fa-wordpress\"><\/i><\/div>\n<\/td>\n<td><strong>SALA 6<\/strong><\/td>\n<td><strong>18:45 &#8211; 20:15<br \/>\n(90 min)<\/strong><\/td>\n<\/tr>\n<tr>\n<td colspan=\"2\"><strong>Despedida<\/strong><\/td>\n<td><strong>SAL\u00d3N DE ACTOS<\/strong><\/td>\n<td><strong>20:15 &#8211; 20:35<br \/>\n(20 min)<\/strong><\/td>\n<\/tr>\n<\/tbody>\n<\/table>\n<h3><strong>AFTER PARTY<\/strong><\/h3>\n<p>La noche del s\u00e1bado 7, al terminar el evento, despu\u00e9s de refrescarnos un poco, quien lo desee podr\u00e1 unirse al grupo de compa\u00f1eros que iremos a cenar algo y tomar una copa para despedir la WordCamp como se merece.<\/p>\n<p>Puedes m\u00e1s informaci\u00f3n aqu\u00ed:\u00a0<a href=\"https:\/\/2017.chiclana.wordcamp.org\/wordcamp-chiclana-after-party\/\">https:\/\/2017.chiclana.wordcamp.org\/wordcamp-chiclana-after-party\/<\/a><\/p>\n<\/div>\n<div class=\"tabla-dia-comunidad\">\n<h2>DOMINGO 8 OCTUBRE 2017<\/h2>\n<table class=\"dia-comunidad\">\n<tbody>\n<tr>\n<td class=\"vacio\" rowspan=\"3\"><\/td>\n<th class=\"vacio\"><\/th>\n<th>SALA<\/th>\n<th>HORARIO<\/th>\n<\/tr>\n<tr>\n<td><strong>Apertura &#8211; Registro<\/strong><\/td>\n<td><strong>ACCESOS<\/strong><\/td>\n<td><strong>Desde 11:00<\/strong><\/td>\n<\/tr>\n<tr>\n<td><strong>Presentaci\u00f3n del D\u00eda de la Comunidad<\/strong><\/td>\n<td><strong>SAL\u00d3N ACTOS<\/strong><\/td>\n<td><strong>11:15 &#8211; 11:30<br \/>\n(15 min)<\/strong><\/td>\n<\/tr>\n<tr>\n<td class=\"color-taller\"><strong>MESAS DE TRABAJO<\/strong><\/td>\n<td>(A cargo de relevantes miembros de la comunidad)<\/td>\n<td><strong>SAL\u00d3N ACTOS<\/strong><\/td>\n<td><strong>11:30 &#8211; 16:45<br \/>\n(5 horas y 15 min)<\/strong><\/td>\n<\/tr>\n<tr>\n<td colspan=\"2\"><strong>Agradecimientos y despedida<\/strong><\/td>\n<td><strong>SAL\u00d3N DE ACTOS<\/strong><\/td>\n<td><strong>16:45 &#8211; 17:00<br \/>\n(15 min)<\/strong><\/td>\n<\/tr>\n<\/tbody>\n<\/table>\n<\/div>\n","protected":false},"excerpt":{"rendered":"<p>Programa de actividades para los d\u00edas 7 y 8 de octubre de 2017. IMPORTANTE:\u00a0Los talleres tienen un aforo limitado y deber\u00e1s elegir dos talleres cuando te demos tu acreditaci\u00f3n a tu llegada, as\u00ed que, por favor, ve pensando en al menos 4 talleres favoritos (por si se van acabando las plazas) \u00a1y s\u00e9 puntual! S\u00c1BADO &hellip; <a href=\"https:\/\/chiclana.wordcamp.org\/2017\/programa\/\" class=\"more-link\">Sigue leyendo <span class=\"screen-reader-text\">Programa<\/span><\/a><\/p>\n","protected":false},"author":15160168,"featured_media":0,"parent":0,"menu_order":0,"comment_status":"closed","ping_status":"closed","template":"","meta":{"jetpack_post_was_ever_published":false,"footnotes":""},"class_list":["post-239","page","type-page","status-publish","hentry"],"jetpack_sharing_enabled":true,"jetpack_shortlink":"https:\/\/wp.me\/P81f3U-3R","jetpack_likes_enabled":false,"_links":{"self":[{"href":"https:\/\/chiclana.wordcamp.org\/2017\/wp-json\/wp\/v2\/pages\/239","targetHints":{"allow":["GET"]}}],"collection":[{"href":"https:\/\/chiclana.wordcamp.org\/2017\/wp-json\/wp\/v2\/pages"}],"about":[{"href":"https:\/\/chiclana.wordcamp.org\/2017\/wp-json\/wp\/v2\/types\/page"}],"author":[{"embeddable":true,"href":"https:\/\/chiclana.wordcamp.org\/2017\/wp-json\/wp\/v2\/users\/15160168"}],"replies":[{"embeddable":true,"href":"https:\/\/chiclana.wordcamp.org\/2017\/wp-json\/wp\/v2\/comments?post=239"}],"version-history":[{"count":93,"href":"https:\/\/chiclana.wordcamp.org\/2017\/wp-json\/wp\/v2\/pages\/239\/revisions"}],"predecessor-version":[{"id":2484,"href":"https:\/\/chiclana.wordcamp.org\/2017\/wp-json\/wp\/v2\/pages\/239\/revisions\/2484"}],"wp:attachment":[{"href":"https:\/\/chiclana.wordcamp.org\/2017\/wp-json\/wp\/v2\/media?parent=239"}],"curies":[{"name":"wp","href":"https:\/\/api.w.org\/{rel}","templated":true}]}}