{"id":2486,"date":"2017-10-07T08:59:29","date_gmt":"2017-10-07T06:59:29","guid":{"rendered":"http:\/\/2017.chiclana.wordcamp.org\/?page_id=2486"},"modified":"2017-10-07T09:00:23","modified_gmt":"2017-10-07T07:00:23","slug":"retransmision-en-directo","status":"publish","type":"page","link":"https:\/\/chiclana.wordcamp.org\/2017\/retransmision-en-directo\/","title":{"rendered":"Retransmisi\u00f3n en directo"},"content":{"rendered":"<p>Aqu\u00ed podr\u00e1s ver en directo lo que est\u00e1 pasando en la #WCChiclana.<\/p>\n<h2>Restransmisi\u00f3n en Directo de la ma\u00f1ana:<\/h2>\n<div class=\"jetpack-video-wrapper\"><span class=\"embed-youtube\" style=\"text-align:center; display: block;\"><iframe loading=\"lazy\" class=\"youtube-player\" width=\"660\" height=\"372\" src=\"https:\/\/www.youtube.com\/embed\/llUMmx25h1g?version=3&#038;rel=1&#038;showsearch=0&#038;showinfo=1&#038;iv_load_policy=1&#038;fs=1&#038;hl=es-ES&#038;autohide=2&#038;wmode=transparent\" allowfullscreen=\"true\" style=\"border:0;\" sandbox=\"allow-scripts allow-same-origin allow-popups allow-presentation allow-popups-to-escape-sandbox\"><\/iframe><\/span><\/div>\n<h2>Retransmisi\u00f3n en Directo de la tarde:<\/h2>\n<div class=\"jetpack-video-wrapper\"><span class=\"embed-youtube\" style=\"text-align:center; display: block;\"><iframe loading=\"lazy\" class=\"youtube-player\" width=\"660\" height=\"372\" src=\"https:\/\/www.youtube.com\/embed\/PXFDL6iUd5I?version=3&#038;rel=1&#038;showsearch=0&#038;showinfo=1&#038;iv_load_policy=1&#038;fs=1&#038;hl=es-ES&#038;autohide=2&#038;wmode=transparent\" allowfullscreen=\"true\" style=\"border:0;\" sandbox=\"allow-scripts allow-same-origin allow-popups allow-presentation allow-popups-to-escape-sandbox\"><\/iframe><\/span><\/div>\n","protected":false},"excerpt":{"rendered":"<p>Aqu\u00ed podr\u00e1s ver en directo lo que est\u00e1 pasando en la #WCChiclana. Restransmisi\u00f3n en Directo de la ma\u00f1ana: Retransmisi\u00f3n en Directo de la tarde:<\/p>\n","protected":false},"author":15160168,"featured_media":0,"parent":0,"menu_order":0,"comment_status":"closed","ping_status":"closed","template":"","meta":{"jetpack_post_was_ever_published":false,"footnotes":""},"class_list":["post-2486","page","type-page","status-publish","hentry"],"jetpack_sharing_enabled":true,"jetpack_shortlink":"https:\/\/wp.me\/P81f3U-E6","jetpack_likes_enabled":false,"_links":{"self":[{"href":"https:\/\/chiclana.wordcamp.org\/2017\/wp-json\/wp\/v2\/pages\/2486","targetHints":{"allow":["GET"]}}],"collection":[{"href":"https:\/\/chiclana.wordcamp.org\/2017\/wp-json\/wp\/v2\/pages"}],"about":[{"href":"https:\/\/chiclana.wordcamp.org\/2017\/wp-json\/wp\/v2\/types\/page"}],"author":[{"embeddable":true,"href":"https:\/\/chiclana.wordcamp.org\/2017\/wp-json\/wp\/v2\/users\/15160168"}],"replies":[{"embeddable":true,"href":"https:\/\/chiclana.wordcamp.org\/2017\/wp-json\/wp\/v2\/comments?post=2486"}],"version-history":[{"count":2,"href":"https:\/\/chiclana.wordcamp.org\/2017\/wp-json\/wp\/v2\/pages\/2486\/revisions"}],"predecessor-version":[{"id":2517,"href":"https:\/\/chiclana.wordcamp.org\/2017\/wp-json\/wp\/v2\/pages\/2486\/revisions\/2517"}],"wp:attachment":[{"href":"https:\/\/chiclana.wordcamp.org\/2017\/wp-json\/wp\/v2\/media?parent=2486"}],"curies":[{"name":"wp","href":"https:\/\/api.w.org\/{rel}","templated":true}]}}