{"id":254,"date":"2017-05-26T10:52:48","date_gmt":"2017-05-26T08:52:48","guid":{"rendered":"http:\/\/2017.chiclana.wordcamp.org\/?page_id=254"},"modified":"2017-09-15T17:12:55","modified_gmt":"2017-09-15T15:12:55","slug":"organizadores","status":"publish","type":"page","link":"https:\/\/chiclana.wordcamp.org\/2017\/organizadores\/","title":{"rendered":"El equipo organizador"},"content":{"rendered":"<p>Una <strong>WordCamp<\/strong> requiere de una gran tarea de organizaci\u00f3n y para ello es estupendo contar con un equipo de personas implicadas con la comunidad local y <strong>que aporten su trabajo de manera totalmente desinteresada<\/strong>.<\/p>\n<p>En Chiclana tenemos esa suerte y hemos podido contar con un estupendo equipo de WordPresseros que est\u00e1n haciendo todo lo posible para que la WordCamp Chiclana 2017, sea un gran evento donde compartir y aprender.<\/p>\n<p>\u00bfQuieres conocerlos? Aqu\u00ed tienes algo de info sobre ellos:<\/p>\n<p><img decoding=\"async\" class=\"alignleft\" src=\"\/\/www.gravatar.com\/avatar\/233b3b45b474ca7d20c584570ee4839d?s=150&amp;r=g&amp;d=mm\" alt=\"Mercedes Romero\" \/><strong>Mercedes Romero <\/strong>es la encargada de organizar a los <strong>ponentes<\/strong> de la WordCamp Chiclana 2017. \u00a1Dura tarea! \ud83d\ude42<br \/>\n<strong><br \/>\n<\/strong><em>\u00abSoy desarrolladora especializada en WordPress y dedico cada d\u00eda a desarrollar sitios hechos exclusivamente con WordPress para clientes de todo el mundo en\u00a0<a href=\"http:\/\/www.blogalizate.com\/\">blogalizate.com<\/a>\u00a0y adem\u00e1s, soy formadora, comunicadora y emprendedora desde hace m\u00e1s de 20 a\u00f1os.<\/em><\/p>\n<p><em>Colaboro con la comunidad WordPress de Espa\u00f1a impartiendo charlas y ponencias en WordCamps y meetups. Adem\u00e1s soy fundadora, junto a Roberto Miralles, de la WordPress Meetup Marbella (M\u00e1laga) y la WordPress Meetup Chiclana (C\u00e1diz). Formo parte de la organizaci\u00f3n de WordCamp Chiclana.\u00bb<\/em><\/p>\n<p>&nbsp;<\/p>\n<p><img decoding=\"async\" class=\"alignleft\" src=\"http:\/\/1.gravatar.com\/avatar\/db3596e5141a94838caa7bf75090de6a?s=150&amp;d=mm&amp;r=g\" alt=\"Pablo Miralles\" \/><strong>Pablo Miralles <\/strong>es multitarea. Est\u00e1 <strong>a cargo del sitio web<\/strong>, <strong>coordinando a los patrocinadores <\/strong>y <strong>dise\u00f1ando elementos de merchandising y swag<\/strong> para la WordCamp. Se merece un aplauso por su esfuerzo, dedicaci\u00f3n y cantidad de horas que est\u00e1 trabajando para que todo salga perfecto. \u00a1Gracias Pablo!<\/p>\n<p>\u00ab<em>WordPress ha estado presente en mi casa desde m\u00e1s o menos unos 12 a\u00f1os, o lo que es lo mismo, pr\u00e1cticamente desde que tengo consciencia.<\/em><\/p>\n<p><em>Hace poco decid\u00ed aventurarme a trabajar tambi\u00e9n con este maravilloso software y actualmente me dedico a la maquetaci\u00f3n web en <a href=\"https:\/\/www.blogalizate.com\/\">blogalizate.com<\/a>.<\/em><\/p>\n<p><em>En mis ratos libres tambi\u00e9n edito v\u00eddeo y hago alguna cosilla de motion graphics, aunque tengo pensado tambi\u00e9n adentrarme en el mundo del VFX.<\/em><\/p>\n<p><em>Como organizador, me encargo principalmente de la p\u00e1gina web de la WordCamp y de contactar con patrocinadores, pero si surge alg\u00fan problemilla all\u00ed estar\u00e9 para ayudar.<\/em><\/p>\n<p><em>Podr\u00e1s seguir lo que hago en mi nuevo Twitter: <a href=\"https:\/\/twitter.com\/pablo_miralles\">@pablo_miralles<\/a>\u00a0y pr\u00f3ximamente en mi p\u00e1gina web (hecha con WordPress, por supuesto) ;)\u00bb<\/em><\/p>\n<p><img decoding=\"async\" class=\"alignleft\" src=\"http:\/\/0.gravatar.com\/avatar\/3c816d37c8c40819f8d53c9db47d5e84?s=150&amp;d=mm&amp;r=g\" alt=\"Jos\u00e9 Pardo\" \/><strong>Jos\u00e9 Pardo <\/strong>es el sargento que pondr\u00e1 firmes a todos los <strong>voluntarios<\/strong> el d\u00eda del evento. No te acerques mucho que seguramente termines trabajando en uno de los m\u00faltiples <strong>equipos de voluntarios<\/strong> que Jose gestiona y que se han ofrecido a colaborar desinteresadamente con la WordCamp.<\/p>\n<p><em>\u00abDesarrollador web freelance y formador desde 2012, Previamente trabaj\u00e9 varios a\u00f1os como jefe de desarrollo de proyectos web en empresa privada. Un poco mas sobre mi trayectoria en <a href=\"https:\/\/www.linkedin.com\/in\/josepardobarcelo\/\">https:\/\/www.linkedin.com\/in\/josepardobarcelo\/<\/a><\/em><\/p>\n<p><em>Casi no recuerdo cuando conoc\u00ed a WordPress por primera vez hace mucho ya, lo que s\u00ed tengo claro es que desde que vi el c\u00f3digo que usa y esa frase de \u201ccode is poetry\u201d me qued\u00e9 prendado con \u00e9l. Desde entonces siempre que me es posible lo aplico en todos mis proyectos.<\/em><\/p>\n<p><em>C\u00f3mo formador una de mis clases favoritas que imparto en los cursos en los que colaboro es la de Iniciaci\u00f3n a WordPress, pienso que conocer la herramienta a nivel usuario es el primer paso para poder hacer cualquier cosa con ella.<\/em><\/p>\n<p><em>Nos vemos en la WordCamp\u00bb<\/em><\/p>\n<p>&nbsp;<\/p>\n<p><img decoding=\"async\" class=\"alignleft\" src=\"https:\/\/secure.gravatar.com\/avatar\/2bd5531d910c02bbedc9d2f0f5707949?s=150&amp;d=mm&amp;r=g\" alt=\"Paco Silva\" \/><strong>Paco Silva <\/strong>se encarga del <strong>\u00abavituallamiento\u00bb<\/strong>, tanto en el evento en s\u00ed (comidas, pausas para el caf\u00e9, etc.) como en la <strong>cena de ponentes y patrocinadores<\/strong> para que todos est\u00e9is bien alimentados y pod\u00e1is disfrutar la WordCamp con toda la energ\u00eda<strong>. <\/strong><\/p>\n<p><em>\u00abReci\u00e9n llegado al mundo WordPress, aunque estoy absolutamente enamorado de su facilidad, sencillez y de lo f\u00e1cil que resulta entrar.<\/em><\/p>\n<p><em>He dedicado toda la vida a la construcci\u00f3n y soy un aficionado a la inform\u00e1tica desde el Spectrum; ahora me estoy reconvirtiendo e intentando desarrollar trabajos y sitios web con WordPress.<\/em><\/p>\n<p><em>Miembro de la Meetup de WordPress de Chiclana desde sus inicios, procuro participar y \u00abdevolver\u00bb de la mejor forma que puedo todo lo que recibo de la Comunidad WordPress.<\/em><\/p>\n<p><em>Ahora me estoy iniciando con mayor profundidad en el desarrollo de p\u00e1ginas y sitios web siempre utilizando WordPress y la ayuda inestimable de su gran comunidad.\u00bb<\/em><\/p>\n<p>&nbsp;<\/p>\n<p><img decoding=\"async\" class=\"alignleft\" src=\"https:\/\/secure.gravatar.com\/avatar\/408ee9ba5a626c6af4d4c95bd3f2aa8a?s=150&amp;d=mm&amp;r=g\" alt=\"Ram\u00f3n L\u00f3pez\" \/><strong>Ram\u00f3n L\u00f3pez s<\/strong>iempre est\u00e1 dispuesto a ayudar en todo lo que surja. Se encarga junto a Paco de alimentar a nuestros asistentes \u00a1para que crezcan sanos y fuertes!. Adem\u00e1s colabora con su inestimable sapiencia sobre transportes y desplazamientos para que puedas llegar a Chiclana de la mejor manera.<\/p>\n<p><em>\u00abDedicado al transporte durante casi media vida y ahora desde hace seis a\u00f1os haciendo de \u00abempresario cocinero\u00bb.<\/em><\/p>\n<p><em>A finales de 2016 descubr\u00ed WordPres por casualidad, oyendo podcasts. Desde entonces no ha dejado de entusiasmarme: minuto que tengo, minuto que aprovecho para aprender y prepararme para, alg\u00fan d\u00eda, poder dedicarme a desarrollar con WordPress.<\/em><\/p>\n<p><em>Ahora mismo soy miembro de la Meetup WordPress Chiclana y alg\u00fan d\u00eda devolver\u00e9 a la comunidad todo lo que me est\u00e1 dando.\u00bb<\/em><\/p>\n<p>&nbsp;<\/p>\n<p><img decoding=\"async\" class=\"alignleft\" src=\"https:\/\/secure.gravatar.com\/avatar\/f11a525f799cae1e42cad065f3278b4f?s=150&amp;d=mm&amp;r=g\" alt=\"Jes\u00fas Soriano\" \/><strong>Jes\u00fas Soriano<\/strong> es el encargado de todo lo relacionado al <strong>swag de la WordCamp Chiclana<\/strong>, es decir, nos proporciona la ropa, como cuando \u00e9ramos peque\u00f1os, para ponernos bien guapos para la ocasi\u00f3n\u00a0\ud83d\ude09<\/p>\n<p><em>\u00abSoy dise\u00f1ador web, escritor de graffiti, Scout y amante de la m\u00fasica, el deporte y los viajes.<\/em><\/p>\n<p><em>Ingeniero inform\u00e1tico que dio un giro a su carrera a principios de 2015, pasando del desarrollo en Java al dise\u00f1o web. Se inici\u00f3 en WordPress -o se tir\u00f3 de cabeza- en 2016 por necesidad de crear un sitio eCommerce. Desde entonces, ha sido su aliado en el desarrollo web hasta hoy d\u00eda.<\/em><\/p>\n<p><em>Miembro de la WordPress Meetup Chiclana y absorbedor de todo conocimiento sobre WordPress con el que tropiece.\u00bb<\/em><\/p>\n<div>\n<div><strong><img decoding=\"async\" class=\"alignleft\" src=\"https:\/\/secure.gravatar.com\/avatar\/c3a67f6da17d677959c73ac0b33d610a?s=150&amp;d=mm&amp;r=g\" alt=\"Pablo Moratinos\" \/>Pablo Moratinos <\/strong>encargado de surfear por las redes sociales, se encuentra\u00a0<strong>a cargo de la cuenta oficial de Twitter<\/strong> de la WordCamp Chiclana 2017 y de la <strong>p\u00e1gina de Facebook. \u00a1Un verdadero crack de las redes!<\/strong><\/div>\n<div><\/div>\n<div><em>\u00abSoy consultor de marketing online, anal\u00edtica web y UX en\u00a0<a href=\"https:\/\/3ymedia.net\/\" target=\"_blank\" rel=\"noopener\">3ymedia Comunicaci\u00f3n<\/a>, mi principal proyecto profesional.<\/em><\/div>\n<div><em>\u00a0<\/em><\/div>\n<div><em>Mis primeros contactos con WordPress se dieron en el 2006 con la versi\u00f3n 2.0, como autor en un blog dedicado al software y cultura libres. Desde entonces he ido aprendiendo y enamor\u00e1ndome de la herramienta y su ecosistema.<\/em><\/div>\n<div><em>\u00a0<\/em><\/div>\n<div><em>Aunque durante mucho tiempo fui un simple usuario, desde que empec\u00e9 a ganarme la vida con WordPress decid\u00ed que ya hab\u00eda llegado el momento de devolver a la comunidad algo de lo que me hab\u00eda aportado, por lo que empec\u00e9 a colaborar con traducciones a euskera y castellano de plugins y temas, a colaborar con el equipo de soporte de la comunidad espa\u00f1ola y a organizar\u00a0<a href=\"https:\/\/wpirun.es\/\" target=\"_blank\" rel=\"noopener\">Irun WordPress Meetup<\/a>, la comunidad local de mi ciudad.<\/em><\/div>\n<div><em>\u00a0<\/em><\/div>\n<div><em>Actualmente adem\u00e1s de implementar sitios web con WordPress para mis clientes soy formador en agencias de desarrollo, lo que me permite acercar este CMS a las personas emprendedoras.<\/em><\/div>\n<div><em>\u00a0<\/em><\/div>\n<div>\n<p><em>Puedes leer m\u00e1s contenidos personales\/profesionales en mi blog personal\u00a0<a href=\"https:\/\/pablomoratinos.es\/\" target=\"_blank\" rel=\"noopener\">pablomoratinos.es<\/a>\u00ab<\/em><\/p>\n<\/div>\n<p>&nbsp;<\/p>\n<p><img decoding=\"async\" class=\"alignleft\" src=\"https:\/\/secure.gravatar.com\/avatar\/8ea5e1c0721f0b635fa0f79282456ebe?s=150&amp;d=mm&amp;r=g\" alt=\"Roberto Miralles\" \/><strong>Roberto Miralles <\/strong>es el encargado de la <strong>captaci\u00f3n y gesti\u00f3n de patrocinadores<\/strong>\u00a0, gestionar el presupuesto (\u00a1ens\u00e9\u00f1ame la pasta!) y coordinar el equipo de organizadores.<\/p>\n<p><em>\u00abSoy dise\u00f1ador web en el estudio de desarrollo web blogalizate, especializado en dise\u00f1o y desarrollo para WordPress, que comparto con Mercedes Romero.<\/em><\/p>\n<p><em>Mi primer sitio web lo cre\u00e9 en 1998 y llevo trabajando con WordPress desde el a\u00f1o 2005.<\/em><\/p>\n<p><em>He colaborado en diferentes ocasiones ofreciendo charlas en WordCamp y meetup a lo largo y ancho de toda Espa\u00f1a, siendo fundador, junto a Mercedes Romero, de la WordPress Meetup Marbella (M\u00e1laga) y WordPress Meetup Chiclana (C\u00e1diz).<\/em><\/p>\n<p><em>Tambi\u00e9n soy fundador del grupo de Facebook, WordPress Espa\u00f1a, compartiendo la administraci\u00f3n del mismo con compa\u00f1eros de la Comunidad WordPress de Espa\u00f1a.\u00bb<\/em><\/p>\n<\/div>\n","protected":false},"excerpt":{"rendered":"<p>Una WordCamp requiere de una gran tarea de organizaci\u00f3n y para ello es estupendo contar con un equipo de personas implicadas con la comunidad local y que aporten su trabajo de manera totalmente desinteresada. En Chiclana tenemos esa suerte y hemos podido contar con un estupendo equipo de WordPresseros que est\u00e1n haciendo todo lo posible &hellip; <a href=\"https:\/\/chiclana.wordcamp.org\/2017\/organizadores\/\" class=\"more-link\">Sigue leyendo <span class=\"screen-reader-text\">El equipo organizador<\/span><\/a><\/p>\n","protected":false},"author":7677491,"featured_media":661,"parent":0,"menu_order":0,"comment_status":"closed","ping_status":"closed","template":"","meta":{"jetpack_post_was_ever_published":false,"footnotes":""},"class_list":["post-254","page","type-page","status-publish","has-post-thumbnail","hentry"],"jetpack_sharing_enabled":true,"jetpack_shortlink":"https:\/\/wp.me\/P81f3U-46","jetpack_likes_enabled":false,"_links":{"self":[{"href":"https:\/\/chiclana.wordcamp.org\/2017\/wp-json\/wp\/v2\/pages\/254","targetHints":{"allow":["GET"]}}],"collection":[{"href":"https:\/\/chiclana.wordcamp.org\/2017\/wp-json\/wp\/v2\/pages"}],"about":[{"href":"https:\/\/chiclana.wordcamp.org\/2017\/wp-json\/wp\/v2\/types\/page"}],"author":[{"embeddable":true,"href":"https:\/\/chiclana.wordcamp.org\/2017\/wp-json\/wp\/v2\/users\/7677491"}],"replies":[{"embeddable":true,"href":"https:\/\/chiclana.wordcamp.org\/2017\/wp-json\/wp\/v2\/comments?post=254"}],"version-history":[{"count":21,"href":"https:\/\/chiclana.wordcamp.org\/2017\/wp-json\/wp\/v2\/pages\/254\/revisions"}],"predecessor-version":[{"id":2195,"href":"https:\/\/chiclana.wordcamp.org\/2017\/wp-json\/wp\/v2\/pages\/254\/revisions\/2195"}],"wp:featuredmedia":[{"embeddable":true,"href":"https:\/\/chiclana.wordcamp.org\/2017\/wp-json\/wp\/v2\/media\/661"}],"wp:attachment":[{"href":"https:\/\/chiclana.wordcamp.org\/2017\/wp-json\/wp\/v2\/media?parent=254"}],"curies":[{"name":"wp","href":"https:\/\/api.w.org\/{rel}","templated":true}]}}