{"id":11,"date":"2019-11-12T13:58:15","date_gmt":"2019-11-12T13:58:15","guid":{"rendered":"https:\/\/2020.chiclana.wordcamp.org\/location\/"},"modified":"2020-01-22T19:14:44","modified_gmt":"2020-01-22T18:14:44","slug":"ubicacion","status":"publish","type":"page","link":"https:\/\/chiclana.wordcamp.org\/2020\/ubicacion\/","title":{"rendered":"Ubicaci\u00f3n"},"content":{"rendered":"\n<p>A continuaci\u00f3n encontrar\u00e1s informaci\u00f3n sobre las localizaciones, m\u00e9todos de contacto y el horario en el que abrir\u00e1n cada uno de los centros durante la WordCamp Chiclana 2020.<\/p>\n\n\n\n<div id=\"centro-box\"><\/div>\n\n\n\n<h2 class=\"wp-block-heading\">Viernes 14 y s\u00e1bado 15 de Febrero 2020<\/h2>\n\n\n\n<p>El <strong>viernes 14 y el s\u00e1bado 15<\/strong>, la <strong>WordCamp Chiclana 2020<\/strong> se celebrar\u00e1 en el<strong> Centro de Iniciativas Juveniles<\/strong> (Chiclana de la Frontera, C\u00e1diz)<\/p>\n\n\n\n<p><strong>Centro de Iniciativas Juveniles bOx<br><\/strong>Calle de Severo Ochoa s\/n &#8211; 11130 Chiclana de la Frontera (C\u00e1diz)<br><strong>Tel\u00e9fono \/ Fax:<\/strong> 956 40 60 56 \/ 956 40 60 56<br><strong>Correo Electr\u00f3nico:<\/strong> administracion@centrobox.es<\/p>\n\n\n\n<p><strong>Horario:<\/strong><br><strong>Viernes 14 de Febrero<\/strong> de 16:30 a 20:30<br><strong>S\u00e1bado 15 de Febrero<\/strong> de 9:00 a 20:30<\/p>\n\n\n<div class=\"googlemaps\">\n\t\t\t\t<iframe loading=\"lazy\" width=\"100\" height=\"450\" frameborder=\"0\" scrolling=\"no\" marginheight=\"0\" marginwidth=\"0\"  src=\"https:\/\/www.google.com\/maps\/embed?pb=!1m18!1m12!1m3!1d674.8821460621065!2d-6.154699994614916!3d36.426160202444805!2m3!1f0!2f0!3f0!3m2!1i1024!2i768!4f13.1!3m3!1m2!1s0x0:0x7df46ca503959e6e!2sCentro%20de%20Iniciativas%20Juveniles%20Box!5e0!3m2!1ses!2sus!4v1496316096877\"><\/iframe>\n\t\t\t<\/div>\n\n\n<div class=\"googlemaps\">\n\t\t\t\t<iframe loading=\"lazy\" width=\"100\" height=\"450\" frameborder=\"0\" scrolling=\"no\" marginheight=\"0\" marginwidth=\"0\"  src=\"https:\/\/www.google.com\/maps\/embed?pb=!1m0!3m2!1ses!2sus!4v1496314334386!6m8!1m7!1sV1FDnfmyvVpXwj9jQmvzNg!2m2!1d36.42577446021652!2d-6.154597662851387!3f306!4f0!5f0.7820865974627469\"><\/iframe>\n\t\t\t<\/div>\n\n\n\n<div id=\"mowomo-house\"><\/div>\n\n\n\n<h2 class=\"wp-block-heading\">Domingo 16 de Febrero 2020<\/h2>\n\n\n\n<p>El <strong>domingo 16 de Febrero<\/strong>, tendr\u00e1 lugar el d\u00eda de la Comunidad o Contributor Day (d\u00eda del contribuidor) de la <strong>WordCamp Chiclana 2020<\/strong>. En esta ocasi\u00f3n nos reuniremos en la <strong>mowomo house<\/strong> (Chiclana de la Frontera)<\/p>\n\n\n\n<p><strong>mowomo house<\/strong><br>Av. de los Descubrimientos, 77, (Planta Alta) <br>11130 Chiclana de la Frontera<br>C\u00e1diz<br>(Justo encima del Pub Coliseo) <br><strong>Correo Electr\u00f3nico:<\/strong> mowomo@mowomo.com<\/p>\n\n\n\n<p><strong>Horario:<\/strong><br><strong>Domingo 16 de Febrero<\/strong> de 11:00 a 17:00<\/p>\n\n\n<div class=\"googlemaps\">\n\t\t\t\t<iframe loading=\"lazy\" width=\"600\" height=\"450\" frameborder=\"0\" scrolling=\"no\" marginheight=\"0\" marginwidth=\"0\"  src=\"https:\/\/www.google.com\/maps\/embed?pb=!1m18!1m12!1m3!1d3210.1793715142567!2d-6.148418905058154!3d36.42904519274402!2m3!1f0!2f0!3f0!3m2!1i1024!2i768!4f13.1!3m3!1m2!1s0xd0c349f4046c68d:0x6c5c2545df8be4f8!2smowomo%20-%20Temas,%20Plugins%20y%20Formaci\u00f3n%20Especializada%20en%20WordPress!5e0!3m2!1ses!2ses!4v1576072209681!5m2!1ses!2ses\"><\/iframe>\n\t\t\t<\/div>\n\n\n<div class=\"googlemaps\">\n\t\t\t\t<iframe loading=\"lazy\" width=\"600\" height=\"450\" frameborder=\"0\" scrolling=\"no\" marginheight=\"0\" marginwidth=\"0\"  src=\"https:\/\/www.google.com\/maps\/embed?pb=!4v1576072292261!6m8!1m7!1s9vVL-gPQYUciayhBCcVrYw!2m2!1d36.42995163584243!2d-6.14777808099531!3f328.2918912838612!4f-0.17413400464801043!5f0.7820865974627469\"><\/iframe>\n\t\t\t<\/div>\n","protected":false},"excerpt":{"rendered":"<p>A continuaci\u00f3n encontrar\u00e1s informaci\u00f3n sobre las localizaciones, m\u00e9todos de contacto y el horario en el que abrir\u00e1n cada uno de los centros durante la WordCamp Chiclana 2020. Viernes 14 y s\u00e1bado 15 de Febrero 2020 El viernes 14 y el s\u00e1bado 15, la WordCamp Chiclana 2020 se celebrar\u00e1 en el Centro de Iniciativas Juveniles (Chiclana &hellip; <a href=\"https:\/\/chiclana.wordcamp.org\/2020\/ubicacion\/\" class=\"more-link\">Sigue leyendo <span class=\"screen-reader-text\">Ubicaci\u00f3n<\/span><\/a><\/p>\n","protected":false},"author":15711322,"featured_media":551,"parent":0,"menu_order":0,"comment_status":"closed","ping_status":"closed","template":"","meta":{"jetpack_post_was_ever_published":false,"footnotes":""},"class_list":["post-11","page","type-page","status-publish","has-post-thumbnail","hentry"],"jetpack_sharing_enabled":true,"_links":{"self":[{"href":"https:\/\/chiclana.wordcamp.org\/2020\/wp-json\/wp\/v2\/pages\/11","targetHints":{"allow":["GET"]}}],"collection":[{"href":"https:\/\/chiclana.wordcamp.org\/2020\/wp-json\/wp\/v2\/pages"}],"about":[{"href":"https:\/\/chiclana.wordcamp.org\/2020\/wp-json\/wp\/v2\/types\/page"}],"author":[{"embeddable":true,"href":"https:\/\/chiclana.wordcamp.org\/2020\/wp-json\/wp\/v2\/users\/15711322"}],"replies":[{"embeddable":true,"href":"https:\/\/chiclana.wordcamp.org\/2020\/wp-json\/wp\/v2\/comments?post=11"}],"version-history":[{"count":16,"href":"https:\/\/chiclana.wordcamp.org\/2020\/wp-json\/wp\/v2\/pages\/11\/revisions"}],"predecessor-version":[{"id":1349,"href":"https:\/\/chiclana.wordcamp.org\/2020\/wp-json\/wp\/v2\/pages\/11\/revisions\/1349"}],"wp:featuredmedia":[{"embeddable":true,"href":"https:\/\/chiclana.wordcamp.org\/2020\/wp-json\/wp\/v2\/media\/551"}],"wp:attachment":[{"href":"https:\/\/chiclana.wordcamp.org\/2020\/wp-json\/wp\/v2\/media?parent=11"}],"curies":[{"name":"wp","href":"https:\/\/api.w.org\/{rel}","templated":true}]}}