{"id":1439,"date":"2020-01-24T13:22:43","date_gmt":"2020-01-24T12:22:43","guid":{"rendered":"https:\/\/2020.chiclana.wordcamp.org\/?page_id=1439"},"modified":"2020-02-25T13:25:11","modified_gmt":"2020-02-25T12:25:11","slug":"gracias-comunidad","status":"publish","type":"page","link":"https:\/\/chiclana.wordcamp.org\/2020\/","title":{"rendered":"\u00a1Gracias Comunidad!"},"content":{"rendered":"\n<p>Con la <a rel=\"noreferrer noopener\" aria-label=\"llamada a la Comunidad (abre en una nueva pesta\u00f1a)\" href=\"https:\/\/2020.chiclana.wordcamp.org\/llamada-a-la-comunidad\/\" target=\"_blank\">llamada a la Comunidad<\/a> que lanzamos, ped\u00edamos a todos los miembros de la <strong>Comunidad de WordPress<\/strong> ayuda en la difusi\u00f3n del evento. <\/p>\n\n\n\n<p>En las <a rel=\"noreferrer noopener\" aria-label=\"redes sociales (abre en una nueva pesta\u00f1a)\" href=\"https:\/\/twitter.com\/WCChiclana\" target=\"_blank\">redes sociales<\/a> est\u00e1is que lo bord\u00e1is.<\/p>\n\n\n\n<p>Por esto y por todo lo que a\u00fan s\u00e9 que est\u00e1is haciendo por ayudar a que la WordCamp de Chiclana sea memorable,&nbsp;<strong>os doy las gracias en nombre de todo el&nbsp;<a href=\"http:\/\/2017.chiclana.wordcamp.org\/organizadores\/\">equipo de organizaci\u00f3n<\/a>. Gracias Comunidad.<\/strong><\/p>\n\n\n\n<p>Y bueno, estos han sido los ecos que nuestra llamada ha recibido:<\/p>\n\n\n\n<h2 class=\"wp-block-heading\">ENTRADAS EN BLOGS<\/h2>\n\n\n\n<ul class=\"wp-block-list\"><li><strong>Ayuda WordPress<\/strong>\u00a0<a rel=\"noreferrer noopener\" aria-label=\"WordCamp Chiclana, un evento WordPress m\u00edtico que solo ocurre cada 3 a\u00f1os (abre en una nueva pesta\u00f1a)\" href=\"https:\/\/ayudawp.com\/wordcamp-chiclana\/\" target=\"_blank\">WordCamp Chiclana, un evento WordPress m\u00edtico que solo ocurre cada 3 a\u00f1os<\/a>,\u00a0<em>por\u00a0<a rel=\"noreferrer noopener\" aria-label=\" (abre en una nueva pesta\u00f1a)\" href=\"https:\/\/twitter.com\/fernandot\" target=\"_blank\">Fernando Tellado<\/a><\/em>.<\/li><li><strong>Documentaci\u00f3n HOY<\/strong> <a rel=\"noreferrer noopener\" aria-label=\"WordCamp Chiclana 2020. Chiclana, 14 al 16 de febrero de 2020 (abre en una nueva pesta\u00f1a)\" href=\"https:\/\/documentacionhoy.com\/contents\/news\/2020-01-21\/wordcamp-chiclana-2020-chiclana-14-al-16-de-febrero-de-2020\" target=\"_blank\">WordCamp Chiclana 2020. Chiclana, 14 al 16 de febrero de 2020<\/a>.<\/li><li><strong>TrincheraWP<\/strong> <a rel=\"noreferrer noopener\" aria-label=\"WordCamp Chiclana 2020 (abre en una nueva pesta\u00f1a)\" href=\"https:\/\/trincherawp.com\/wordcamp-chiclana-2020\/?utm_medium=tweet&amp;utm_source=twitter&amp;utm_campaign=articulo_wcchiclana_2020\" target=\"_blank\">WordCamp Chiclana 2020<\/a> <em>por <a rel=\"noreferrer noopener\" aria-label=\"Ibon Azkoitia (abre en una nueva pesta\u00f1a)\" href=\"https:\/\/twitter.com\/ibonazkoitia\" target=\"_blank\">Ibon Azkoitia<\/a><\/em>.<\/li><li><strong>Easy Workation<\/strong> <a rel=\"noreferrer noopener\" aria-label=\"Ni San Valent\u00edn ni San Solter\u00edn: WordCamp Chiclana (abre en una nueva pesta\u00f1a)\" href=\"https:\/\/www.easyworkation.com\/ni-san-valentin-ni-san-solterin-wordcamp-chiclana\/\" target=\"_blank\">Ni San Valent\u00edn ni San Solter\u00edn: WordCamp Chiclana<\/a> <em>por <a rel=\"noreferrer noopener\" aria-label=\"Ana Cirujano (abre en una nueva pesta\u00f1a)\" href=\"https:\/\/twitter.com\/acirujano\" target=\"_blank\">Ana Cirujano<\/a><\/em>.<\/li><li><strong>UCA Emprende <\/strong><a rel=\"noreferrer noopener\" aria-label=\"Si trabajas con WordPress, tienes un evento a la vista (abre en una nueva pesta\u00f1a)\" href=\"https:\/\/emprendedores.uca.es\/si-trabajas-con-wordpress-tienes-un-evento-a-la-vista\/\" target=\"_blank\">Si trabajas con WordPress, tienes un evento a la vista<\/a> <em>por <a rel=\"noreferrer noopener\" href=\"https:\/\/twitter.com\/emprenderuca?lang=es\" target=\"_blank\">UCA Emprende<\/a>. <\/em><\/li><li><strong>Diccionario Web<\/strong> <a rel=\"noreferrer noopener\" aria-label=\"WordCamp Chiclana 2020 (abre en una nueva pesta\u00f1a)\" href=\"https:\/\/diccionarioweb.com\/wordcamp-chiclana-2020\/\" target=\"_blank\">WordCamp Chiclana 2020<\/a> <em>por <\/em><a rel=\"noreferrer noopener\" aria-label=\"Dani Serrano (abre en una nueva pesta\u00f1a)\" href=\"https:\/\/twitter.com\/DaniSerrano_\" target=\"_blank\"><em>Dani Serrano<\/em><\/a>.<\/li><li><strong>Antonio Garc\u00eda Prats<\/strong> <a rel=\"noreferrer noopener\" aria-label=\"WORDCAMP CHICLANA DE LA FRONTERA 2020 (abre en una nueva pesta\u00f1a)\" href=\"http:\/\/antoniogarciaprats.eu\/2020\/02\/wordcamp-chiclana-de-la-frontera-2020\/\" target=\"_blank\">WORDCAMP CHICLANA DE LA FRONTERA 2020<\/a><\/li><li><a href=\"https:\/\/wpnews.es\/\"><\/a><a href=\"https:\/\/wpnews.es\/\"><\/a><strong>WP NEWS<\/strong> <a rel=\"noreferrer noopener\" aria-label=\"Gran \u00e9xito de la WordCamp Chiclana 2020 (abre en una nueva pesta\u00f1a)\" href=\"https:\/\/wpnews.es\/eventos\/gran-exito-de-la-wordcamp-chiclana-2020\/\" target=\"_blank\">Gran \u00e9xito de la WordCamp Chiclana 2020<\/a><\/li><li><strong>YITH<\/strong> <a aria-label=\"WordCamp Chiclana \u2013 did we forget to mention the food? (abre en una nueva pesta\u00f1a)\" href=\"https:\/\/yithemes.com\/blog\/events\/wordcamp-chiclana-did-we-forget-to-mention-the-food\/\" target=\"_blank\" rel=\"noreferrer noopener nofollow\">WordCamp Chiclana \u2013 did we forget to mention the food?<\/a><\/li><li><strong>Sir Koala<\/strong> <a rel=\"noreferrer noopener\" aria-label=\"Asistimos al evento WordCamp Chiclana 2020 (abre en una nueva pesta\u00f1a)\" href=\"https:\/\/sirkoala.com\/asistimos-al-evento-wordcamp-chiclana-2020\/\" target=\"_blank\">Asistimos al evento WordCamp Chiclana 2020<\/a><\/li><li><strong>Sonia Alcedo Fuentes<\/strong> <a rel=\"noreferrer noopener\" aria-label=\"Una WordCamp no acaba hasta que no escribes sobre ella. Chiclana 2020 (abre en una nueva pesta\u00f1a)\" href=\"https:\/\/www.linkedin.com\/pulse\/una-wordcamp-acaba-hasta-que-escribes-sobre-ella-2020-alcedo-fuentes\/\" target=\"_blank\">Una WordCamp no acaba hasta que no escribes sobre ella. Chiclana 2020<\/a><\/li><li><strong>Webyland <\/strong><a rel=\"noreferrer noopener\" aria-label=\"WordCamp Chiclana 2020: Mi experiencia (abre en una nueva pesta\u00f1a)\" href=\"https:\/\/webylang.com\/es\/wordcamp-chiclana-2020\/\" target=\"_blank\">WordCamp Chiclana 2020: Mi experiencia<\/a> <\/li><li><strong>zonadam<\/strong> <a href=\"https:\/\/zonadam.com\/wcchiclana-disfrutando-de-wordcamp-chiclana-2020\/\" target=\"_blank\" aria-label=\"#WCCHICLANA, as\u00ed disfrutamos de WordCamp Chiclana 2020 (abre en una nueva pesta\u00f1a)\" rel=\"noreferrer noopener nofollow\">#WCCHICLANA, as\u00ed disfrutamos de WordCamp Chiclana 2020<\/a><\/li><\/ul>\n\n\n\n<h2 class=\"wp-block-heading\">PODCAST<\/h2>\n\n\n\n<ul class=\"wp-block-list\"><li><strong>Potencia Pro<\/strong> <a rel=\"noreferrer noopener\" aria-label=\"#Podcast 125: Plantillas Gutentor y #WCChiclana (abre en una nueva pesta\u00f1a)\" href=\"https:\/\/potencia.pro\/potencia-pro-125-plantillas-gutentor-y-wcchiclana\/\" target=\"_blank\">#Podcast 125: Plantillas Gutentor y #WCChiclana<\/a> <em>por&nbsp;<a rel=\"noreferrer noopener\" aria-label=\"Miguel \u00c1ngel Terr\u00f3n (abre en una nueva pesta\u00f1a)\" href=\"https:\/\/twitter.com\/materron\" target=\"_blank\">Miguel \u00c1ngel Terr\u00f3n<\/a> y <a rel=\"noreferrer noopener\" aria-label=\"Mariano P\u00e9rez (abre en una nueva pesta\u00f1a)\" href=\"https:\/\/twitter.com\/Mpc\" target=\"_blank\">Mariano P\u00e9re<\/a><\/em><a rel=\"noreferrer noopener\" aria-label=\"Mariano P\u00e9rez (abre en una nueva pesta\u00f1a)\" href=\"https:\/\/twitter.com\/Mpc\" target=\"_blank\"><em>z<\/em><\/a>.<\/li><li> <strong>Un billete a Chattanooga<\/strong> <a rel=\"noreferrer noopener\" href=\"https:\/\/youtu.be\/lx2bFagjmB0\" target=\"_blank\">EPISODIO 37: DE WCEU 2020 Y PATRONES DE DISE\u00d1O<\/a> <em>por <a rel=\"noreferrer noopener\" aria-label=\"Ana Cirujano (abre en una nueva pesta\u00f1a)\" href=\"https:\/\/twitter.com\/acirujano\" target=\"_blank\">Ana Cirujano<\/a> y <a rel=\"noreferrer noopener\" aria-label=\"Pablo Moratinos (abre en una nueva pesta\u00f1a)\" href=\"https:\/\/twitter.com\/pablomoratinos\" target=\"_blank\">Pablo Moratinos<\/a><\/em>. <\/li><li><strong>Un billete a Chattanooga<\/strong> <a rel=\"noreferrer noopener\" aria-label=\"EPISODIO 39: DEL PLUGIN DE FUENTES VARIABLES QUE NACI\u00d3 EN CHICLANA DE LA FRONTERA Y DE SU WORDCAMP (abre en una nueva pesta\u00f1a)\" href=\"https:\/\/unbilleteachattanooga.com\/episodio-39\/\" target=\"_blank\">EPISODIO 39: DEL PLUGIN DE FUENTES VARIABLES QUE NACI\u00d3 EN CHICLANA DE LA FRONTERA Y DE SU WORDCAMP<\/a> <em>por <a rel=\"noreferrer noopener\" aria-label=\"Ana Cirujano (abre en una nueva pesta\u00f1a)\" href=\"https:\/\/twitter.com\/acirujano\" target=\"_blank\">Ana Cirujano<\/a> y <a rel=\"noreferrer noopener\" aria-label=\"Pablo Moratinos (abre en una nueva pesta\u00f1a)\" href=\"https:\/\/twitter.com\/pablomoratinos\" target=\"_blank\">Pablo Moratinos<\/a><\/em>.<\/li><li><strong>Potencia Pro Potencia<\/strong> <a rel=\"noreferrer noopener\" aria-label=\"Pro 129: #WCChiclana, Wp-config, migraci\u00f3n e instalaci\u00f3n manual de WordPress (abre en una nueva pesta\u00f1a)\" href=\"https:\/\/potencia.pro\/potencia-pro-129-wcchiclana-wp-config-migracion-e-instalacion-manual-de-wordpress\/\" target=\"_blank\">Pro 129: #WCChiclana, Wp-config, migraci\u00f3n e instalaci\u00f3n manual de WordPress<\/a><\/li><li><strong>WordPress Granada<\/strong> <a rel=\"noreferrer noopener\" href=\"https:\/\/wpgranada.es\/blog\/programas\/wordcamp-chiclana-2020-charlas\/\" target=\"_blank\">WordCamp Chiclana 2020 Parte 1 (d\u00eda charlas)<\/a><em> por <a rel=\"noreferrer noopener\" href=\"https:\/\/twitter.com\/davidperezmk\" target=\"_blank\">David P\u00e9rez<\/a><\/em>.<\/li><\/ul>\n\n\n\n<h2 class=\"wp-block-heading\">VIDEOS<\/h2>\n\n\n\n<ul class=\"wp-block-list\"><li><strong>PreguntasWP<\/strong> <a rel=\"noreferrer noopener\" aria-label=\"ESPECIAL \ud83d\udca5 \u00bfQu\u00e9 es una WORDCAMP? \ud83d\udc49\ud83c\udffb WORDCAMP CHICLANA 2020 Te cuento mi experiencia \ud83d\ude01\ud83c\udf89\ud83c\udf89\ud83d\udc4f\ud83c\udffb\ud83d\udc4f\ud83c\udffb (abre en una nueva pesta\u00f1a)\" href=\"https:\/\/www.youtube.com\/watch?v=884ZGc1BhkI&amp;feature=youtu.be\" target=\"_blank\">ESPECIAL \ud83d\udca5 \u00bfQu\u00e9 es una WORDCAMP? \ud83d\udc49\ud83c\udffb WORDCAMP CHICLANA 2020 Te cuento mi experiencia \ud83d\ude01\ud83c\udf89\ud83c\udf89\ud83d\udc4f\ud83c\udffb\ud83d\udc4f\ud83c\udffb<\/a> <em>por <a href=\"https:\/\/twitter.com\/irbestudio\" target=\"_blank\" rel=\"noreferrer noopener\" aria-label=\"Ismael Ru\u00edz (abre en una nueva pesta\u00f1a)\">Ismael Ru\u00edz<\/a><\/em>.<\/li><\/ul>\n\n\n\n<h2 class=\"wp-block-heading\">REVISTAS Y PERI\u00d3DICOS ONLINE<\/h2>\n\n\n\n<ul class=\"wp-block-list\"><li><strong>Diario de C\u00e1diz<\/strong>&nbsp;<a rel=\"noreferrer noopener\" aria-label=\"La ciudad acoger\u00e1 en febrero la segunda edici\u00f3n del 'WordCamp' (abre en una nueva pesta\u00f1a)\" href=\"https:\/\/www.diariodecadiz.es\/chiclana\/jornadas-wordcamp-chiclana_0_1429357302.html\" target=\"_blank\">La ciudad acoger\u00e1 en febrero la segunda edici\u00f3n del &#8216;WordCamp&#8217;<\/a><\/li><li><strong>Diario Bah\u00eda de C\u00e1diz<\/strong> <a rel=\"noreferrer noopener\" aria-label=\"Usuarios de WordPress se \u2018citan\u2019 en febrero en Chiclana (abre en una nueva pesta\u00f1a)\" href=\"https:\/\/www.diariobahiadecadiz.com\/noticias\/chiclana\/usuarios-de-wordpress-se-citan-en-febrero-en-chiclana\/\" target=\"_blank\">Usuarios de WordPress se \u2018citan\u2019 en febrero en Chiclana<\/a><\/li><li><strong>Ayuntamiento de Chiclana<\/strong> <a rel=\"noreferrer noopener\" aria-label=\"El Centro de Iniciativas Juveniles Box acoger\u00e1 una WordCamp los d\u00edas 14, 15 y 16 de febrero (abre en una nueva pesta\u00f1a)\" href=\"https:\/\/www.chiclana.es\/actualidad\/detalle-de-noticia\/articulo\/el-centro-de-iniciativas-juveniles-box-acogera-una-wordcamp-los-dias-14-15-y-16-de-febrero\/\" target=\"_blank\">El Centro de Iniciativas Juveniles Box acoger\u00e1 una WordCamp los d\u00edas 14, 15 y 16 de febrero<\/a><\/li><li><strong>Andaluc\u00eda Informaci\u00f3n<\/strong> <a rel=\"noreferrer noopener\" aria-label=\"El Centro Box acoger\u00e1 una WordCamp desde el 14 al 16 de febrero (abre en una nueva pesta\u00f1a)\" href=\"https:\/\/andaluciainformacion.es\/granada\/872135\/el-centro-box-acogera-una-wordcamp-desde-el-14-al-16-de-febrero\/\" target=\"_blank\">El Centro Box acoger\u00e1 una WordCamp desde el 14 al 16 de febrero<\/a><\/li><li><strong>Puente Chico<\/strong>  <a rel=\"noreferrer noopener\" aria-label=\"EL CENTRO DE INICIATIVAS JUVENILES BOX ESCENARIO DE LA WORDCAMP EN FEBRERO  (abre en una nueva pesta\u00f1a)\" href=\"http:\/\/puentechico1.blogspot.com\/2020\/01\/el-centro-de-iniciativas-juveniles-box.html\" target=\"_blank\">EL CENTRO DE INICIATIVAS JUVENILES BOX ESCENARIO DE LA WORDCAMP EN FEBRERO<\/a><\/li><\/ul>\n\n\n\n<h2 class=\"wp-block-heading\">TELEVISIONES<\/h2>\n\n\n\n<ul class=\"wp-block-list\"><li><strong>8 TV Chiclana<\/strong>&nbsp;<a rel=\"noreferrer noopener\" aria-label=\"PRESENTACI\u00d3N WORDCAMP CHICLANA 2020 (abre en una nueva pesta\u00f1a)\" href=\"https:\/\/youtu.be\/u04-30FXbNs\" target=\"_blank\">PRESENTACI\u00d3N WORDCAMP CHICLANA 2020<\/a><\/li><\/ul>\n","protected":false},"excerpt":{"rendered":"<p>Con la llamada a la Comunidad que lanzamos, ped\u00edamos a todos los miembros de la Comunidad de WordPress ayuda en la difusi\u00f3n del evento. En las redes sociales est\u00e1is que lo bord\u00e1is. Por esto y por todo lo que a\u00fan s\u00e9 que est\u00e1is haciendo por ayudar a que la WordCamp de Chiclana sea memorable,&nbsp;os doy &hellip; <a href=\"https:\/\/chiclana.wordcamp.org\/2020\/\" class=\"more-link\">Sigue leyendo <span class=\"screen-reader-text\">\u00a1Gracias Comunidad!<\/span><\/a><\/p>\n","protected":false},"author":17635854,"featured_media":1441,"parent":0,"menu_order":0,"comment_status":"closed","ping_status":"closed","template":"","meta":{"jetpack_post_was_ever_published":false,"footnotes":""},"class_list":["post-1439","page","type-page","status-publish","has-post-thumbnail","hentry"],"jetpack_sharing_enabled":true,"_links":{"self":[{"href":"https:\/\/chiclana.wordcamp.org\/2020\/wp-json\/wp\/v2\/pages\/1439","targetHints":{"allow":["GET"]}}],"collection":[{"href":"https:\/\/chiclana.wordcamp.org\/2020\/wp-json\/wp\/v2\/pages"}],"about":[{"href":"https:\/\/chiclana.wordcamp.org\/2020\/wp-json\/wp\/v2\/types\/page"}],"author":[{"embeddable":true,"href":"https:\/\/chiclana.wordcamp.org\/2020\/wp-json\/wp\/v2\/users\/17635854"}],"replies":[{"embeddable":true,"href":"https:\/\/chiclana.wordcamp.org\/2020\/wp-json\/wp\/v2\/comments?post=1439"}],"version-history":[{"count":20,"href":"https:\/\/chiclana.wordcamp.org\/2020\/wp-json\/wp\/v2\/pages\/1439\/revisions"}],"predecessor-version":[{"id":2058,"href":"https:\/\/chiclana.wordcamp.org\/2020\/wp-json\/wp\/v2\/pages\/1439\/revisions\/2058"}],"wp:featuredmedia":[{"embeddable":true,"href":"https:\/\/chiclana.wordcamp.org\/2020\/wp-json\/wp\/v2\/media\/1441"}],"wp:attachment":[{"href":"https:\/\/chiclana.wordcamp.org\/2020\/wp-json\/wp\/v2\/media?parent=1439"}],"curies":[{"name":"wp","href":"https:\/\/api.w.org\/{rel}","templated":true}]}}