{"id":319,"date":"2019-12-12T15:33:46","date_gmt":"2019-12-12T14:33:46","guid":{"rendered":"https:\/\/2020.chiclana.wordcamp.org\/?page_id=319"},"modified":"2020-01-08T20:11:07","modified_gmt":"2020-01-08T19:11:07","slug":"que-es-wordcamp-chiclana-2020","status":"publish","type":"page","link":"https:\/\/chiclana.wordcamp.org\/2020\/que-es-wordcamp-chiclana-2020\/","title":{"rendered":"\u00bfQu\u00e9 es WordCamp Chiclana 2020?"},"content":{"rendered":"\n<p>Los pr\u00f3ximos d\u00edas <strong>14, 15 y 16 de febrero de 2020 <\/strong>tendr\u00e1 lugar<strong> en Chiclana de la Frontera <\/strong>(C\u00e1diz), un evento tecnol\u00f3gico de repercusi\u00f3n internacional: Una WordCamp. <\/p>\n\n\n\n<h2 class=\"wp-block-heading\">\u00bfQu\u00e9 es una WordCamp?<\/h2>\n\n\n\n<p>Las <a rel=\"noreferrer noopener\" aria-label=\"WordCamp (abre en una nueva pesta\u00f1a)\" href=\"https:\/\/central.wordcamp.org\/\" target=\"_blank\"><strong>WordCamp<\/strong><\/a> son eventos oficiales de WordPress que se organizan a lo largo y ancho de todo el planeta, por y para la <strong>Comunidad de usuarios<\/strong> de este software libre: <strong>WordPress<\/strong>.<\/p>\n\n\n\n<p>Las WordCamp incluyen <strong>charlas, talleres, conferencias<\/strong> sobre temas relacionados con el dise\u00f1o web, el desarrollo web, el marketing online, el software libre, el emprendimiento en Internet y muchos otros temas, pero centrando la atenci\u00f3n en <strong>WordPress<\/strong>. <\/p>\n\n\n\n<h2 class=\"wp-block-heading\">\u00bfA qui\u00e9n le puede interesar?<\/h2>\n\n\n\n<p>Una WordCamp re\u00fane a <strong>personas de todos los \u00e1mbitos y sectores<\/strong>, a los que une un inter\u00e9s com\u00fan: El uso de <a rel=\"noreferrer noopener\" aria-label=\"WordPress (abre en una nueva pesta\u00f1a)\" href=\"https:\/\/es.wordpress.org\/\" target=\"_blank\">WordPress<\/a>. <\/p>\n\n\n\n<p>Si est\u00e1s interesado en poner en marcha tu sitio web en Internet o una tienda online, si te gusta el dise\u00f1o o desarrollo de software o el marketing online, puedes sacar mucho partido de este evento. <\/p>\n\n\n\n<p><strong>\u00a1No lo pienses m\u00e1s y participa en la WordCamp Chiclana 2020!<\/strong><\/p>\n\n\n\n<h2 class=\"wp-block-heading\">\u00bfC\u00f3mo puedo participar?<\/h2>\n\n\n\n<p>Hay diferentes maneras de participar en una WordCamp. <\/p>\n\n\n\n<ul class=\"wp-block-list\"><li><a rel=\"noreferrer noopener\" aria-label=\"Puedes acudir como asistente (abre en una nueva pesta\u00f1a)\" href=\"https:\/\/2020.chiclana.wordcamp.org\/compra-tu-entrada\/\" target=\"_blank\"><strong>Puedes acudir como asistente<\/strong><\/a> y disfrutar de un d\u00eda de charlas, talleres y networking con la mayor comunidad de software libre del mundo. <\/li><li>Puedes <strong><a href=\"https:\/\/2020.chiclana.wordcamp.org\/patrocina\/\">patrocinar la WordCamp<\/a> <\/strong>y apoyar econ\u00f3micamente el evento al mismo tiempo que das <strong>visibilidad local, nacional e internacional <\/strong>a tu marca. <\/li><li>Puedes <a href=\"https:\/\/2020.chiclana.wordcamp.org\/llamada-a-voluntarios\/\" target=\"_blank\" rel=\"noreferrer noopener\" aria-label=\"presentarte como voluntario (abre en una nueva pesta\u00f1a)\"><strong>presentarte como voluntario<\/strong><\/a> y ayudar el d\u00eda del evento a la organizaci\u00f3n.<\/li><li>Y tambi\u00e9n puedes <strong><a href=\"https:\/\/2020.chiclana.wordcamp.org\/llamada-a-ponentes\/\">enviar tu propuesta de charla o taller<\/a><\/strong> y compartir tus conocimientos e ideas con el resto de asistentes. <\/li><\/ul>\n\n\n\n<p>\u00bfYa has pensado c\u00f3mo vas a participar?<\/p>\n\n\n\n<p> <\/p>\n","protected":false},"excerpt":{"rendered":"<p>Los pr\u00f3ximos d\u00edas 14, 15 y 16 de febrero de 2020 tendr\u00e1 lugar en Chiclana de la Frontera (C\u00e1diz), un evento tecnol\u00f3gico de repercusi\u00f3n internacional: Una WordCamp. \u00bfQu\u00e9 es una WordCamp? Las WordCamp son eventos oficiales de WordPress que se organizan a lo largo y ancho de todo el planeta, por y para la Comunidad &hellip; <a href=\"https:\/\/chiclana.wordcamp.org\/2020\/que-es-wordcamp-chiclana-2020\/\" class=\"more-link\">Sigue leyendo <span class=\"screen-reader-text\">\u00bfQu\u00e9 es WordCamp Chiclana 2020?<\/span><\/a><\/p>\n","protected":false},"author":7677491,"featured_media":0,"parent":0,"menu_order":0,"comment_status":"closed","ping_status":"closed","template":"","meta":{"jetpack_post_was_ever_published":false,"footnotes":""},"class_list":["post-319","page","type-page","status-publish","hentry"],"jetpack_sharing_enabled":true,"_links":{"self":[{"href":"https:\/\/chiclana.wordcamp.org\/2020\/wp-json\/wp\/v2\/pages\/319","targetHints":{"allow":["GET"]}}],"collection":[{"href":"https:\/\/chiclana.wordcamp.org\/2020\/wp-json\/wp\/v2\/pages"}],"about":[{"href":"https:\/\/chiclana.wordcamp.org\/2020\/wp-json\/wp\/v2\/types\/page"}],"author":[{"embeddable":true,"href":"https:\/\/chiclana.wordcamp.org\/2020\/wp-json\/wp\/v2\/users\/7677491"}],"replies":[{"embeddable":true,"href":"https:\/\/chiclana.wordcamp.org\/2020\/wp-json\/wp\/v2\/comments?post=319"}],"version-history":[{"count":12,"href":"https:\/\/chiclana.wordcamp.org\/2020\/wp-json\/wp\/v2\/pages\/319\/revisions"}],"predecessor-version":[{"id":827,"href":"https:\/\/chiclana.wordcamp.org\/2020\/wp-json\/wp\/v2\/pages\/319\/revisions\/827"}],"wp:attachment":[{"href":"https:\/\/chiclana.wordcamp.org\/2020\/wp-json\/wp\/v2\/media?parent=319"}],"curies":[{"name":"wp","href":"https:\/\/api.w.org\/{rel}","templated":true}]}}