{"id":1459,"date":"2020-01-24T17:56:19","date_gmt":"2020-01-24T16:56:19","guid":{"rendered":"https:\/\/2020.chiclana.wordcamp.org\/?page_id=1459"},"modified":"2023-02-22T10:37:46","modified_gmt":"2023-02-22T09:37:46","slug":"llamada-a-voluntarios","status":"publish","type":"page","link":"https:\/\/chiclana.wordcamp.org\/2023\/llamada-a-voluntarios\/","title":{"rendered":"Llamada a voluntarios"},"content":{"rendered":"\n<h2 class=\"wp-block-heading\">\u00bfQuieres ayudar en la WordCamp Chiclana 2023?<\/h2>\n\n\n\n<p>\u00a1Esta es tu oportunidad! <strong>Estamos buscando voluntarios<\/strong> que nos ayuden durante los d\u00edas del evento.<\/p>\n\n\n\n<p><strong>Los voluntarios son esenciales en una WordCamp.<\/strong> Son el primer contacto de los asistentes, ayudan a ponentes a sentirse c\u00f3modos y hacen posible que el d\u00eda del evento sea un \u00e9xito.<\/p>\n\n\n\n<p>Es una buena forma de <strong>conocer c\u00f3mo funciona una WordCamp \u00abdesde dentro\u00bb<\/strong>, relacion\u00e1ndote con ponentes, los organizadores y los asistentes.<\/p>\n\n\n\n<p>\u00bfQuieres poner tu granito de arena en la WordCamp Chiclana?<\/p>\n\n\n\n<p><strong>Toda ayuda es bienvenida \ud83d\ude42<\/strong><\/p>\n\n\n\n<h3 class=\"wp-block-heading\">Como voluntario\/a de WordCamp Chiclana 2023:<\/h3>\n\n\n\n<ul class=\"wp-block-list\">\n<li>Podr\u00e1s formar parte de la <strong>puesta en marcha<\/strong> de la WordCamp.<\/li>\n\n\n\n<li>Ser\u00e1s una <strong>parte esencial<\/strong> los d\u00edas del evento.<\/li>\n\n\n\n<li><strong>Compartir\u00e1s experiencias <\/strong>(y risas) con los organizadores y los ponentes.<\/li>\n\n\n\n<li>Te encontrar\u00e1s con <strong>visitantes de todas partes<\/strong> (\u00a1incluso de Chiclana!)<\/li>\n\n\n\n<li>Recibir\u00e1s una <strong>camiseta exclusiva<\/strong> s\u00f3lo para voluntarios.<\/li>\n\n\n\n<li>Tendr\u00e1s <strong>cubiertos los gastos de tu entrada<\/strong> (que incluye la comida de los d\u00edas 3 y 4 y caf\u00e9s de los d\u00edas 3 y 4)<\/li>\n\n\n\n<li><strong>\u00a1Har\u00e1s amigos!<\/strong><\/li>\n<\/ul>\n\n\n\n<h3 class=\"wp-block-heading\">Con qu\u00e9 necesitamos ayuda durante el evento:<\/h3>\n\n\n\n<ul class=\"wp-block-list\">\n<li><strong>Gesti\u00f3n de las Redes Sociales<\/strong> durante el evento (al menos 2 voluntarios\/as)<\/li>\n\n\n\n<li><strong>Fot\u00f3grafos\/as<\/strong> (profesionales o aficionados\/as) (al menos 2 voluntarios\/as durante el evento)<\/li>\n\n\n\n<li><strong>Traductores ingl\u00e9s\/espa\u00f1ol &#8211; espa\u00f1ol\/ingl\u00e9s<\/strong> para los visitantes extranjeros.<\/li>\n\n\n\n<li><strong>Persona que conozca el lenguaje de signos<\/strong>, para los v\u00eddeos de las ponencias.<\/li>\n\n\n\n<li><strong>Entrega de acreditaciones y control de accesos al evento.<\/strong><\/li>\n\n\n\n<li><strong>Entrega de camisetas.<\/strong><\/li>\n\n\n\n<li><strong>Entrega de swag <\/strong>(regalitos).<\/li>\n\n\n\n<li><strong>Ayuda en las horas de caf\u00e9 y comida<\/strong> (lunch).<\/li>\n\n\n\n<li><strong>Ayuda a los ponentes.<\/strong><\/li>\n\n\n\n<li><strong>Control de tiempo en las distintas ponencias.<\/strong><\/li>\n\n\n\n<li><strong>Control de micr\u00f3fonos para preguntas durante las ponencias.<\/strong><\/li>\n\n\n\n<li><strong>Ayudar a los asistentes a ubicarse.<\/strong><\/li>\n\n\n\n<li><strong>Ayudar a los asistentes con las dudas<\/strong> o necesidades que puedan surgirles.<\/li>\n\n\n\n<li><strong>Log\u00edstica general.<\/strong><\/li>\n\n\n\n<li><strong>Ayuda audiovisual.<\/strong><\/li>\n\n\n\n<li><strong>Ayuda a patrocinadores.<\/strong><\/li>\n\n\n\n<li><strong>Ayudar a mantener el orden<\/strong>, el buen rollo y la limpieza&nbsp;durante el evento.<\/li>\n\n\n\n<li>En resumen <strong>\u00a1ayudar a quien lo pueda necesitar!<\/strong><\/li>\n<\/ul>\n\n\n\n<h3 class=\"wp-block-heading\">Una vez hayas sido seleccionado\/a como voluntario\/a:<\/h3>\n\n\n\n<ul class=\"wp-block-list\">\n<li>Te a\u00f1adiremos al&nbsp;<strong>equipo de voluntarios<\/strong> y <strong>te asignaremos tus tareas<\/strong> para &nbsp;los d\u00edas del evento.<\/li>\n\n\n\n<li>Los voluntarios deber\u00edan estar<strong> en Chiclana el viernes 3 a primera hora de la ma\u00f1ana<\/strong>, a tiempo para conocer el lugar, conocer al resto del equipo, as\u00ed como las tareas que te vayan a ser encomendadas.<\/li>\n\n\n\n<li><strong>Si por alguna raz\u00f3n vas a llegar m\u00e1s tarde<\/strong> y, a\u00fan as\u00ed, quieres seguir participando como voluntario\/a, por favor, ind\u00edcalo en el formulario.<\/li>\n\n\n\n<li>Tambi\u00e9n te pedimos en el formulario de registro como voluntario un <strong>n\u00famero de tel\u00e9fono<\/strong>, ya que las comunicaciones durante el evento las haremos por WhatsApp.<\/li>\n<\/ul>\n\n\n\n<h2 class=\"wp-block-heading\">Formulario de voluntarios:<\/h2>\n\n\n\n<p>Llamada de voluntarios cerrada<\/p>\n\n\n\n<p>S\u00edguenos en nuestras redes sociales para mantenerte informado.<\/p>\n\n\n\n<p>Twitter:&nbsp;<a rel=\"noreferrer noopener\" href=\"https:\/\/twitter.com\/WCChiclana\" target=\"_blank\">@WCChiclana<\/a><\/p>\n\n\n\n<p>Facebook: <a rel=\"noreferrer noopener\" aria-label=\"@WCChiclana (abre en una nueva pesta\u00f1a)\" href=\"https:\/\/www.facebook.com\/WCChiclana\/\" target=\"_blank\">WCChiclana<\/a><\/p>\n","protected":false},"excerpt":{"rendered":"<p>\u00bfQuieres ayudar en la WordCamp Chiclana 2023? \u00a1Esta es tu oportunidad! Estamos buscando voluntarios que nos ayuden durante los d\u00edas del evento. Los voluntarios son esenciales en una WordCamp. Son el primer contacto de los asistentes, ayudan a ponentes a sentirse c\u00f3modos y hacen posible que el d\u00eda del evento sea un \u00e9xito. Es una &hellip; <a href=\"https:\/\/chiclana.wordcamp.org\/2023\/llamada-a-voluntarios\/\" class=\"more-link\">Sigue leyendo <span class=\"screen-reader-text\">Llamada a voluntarios<\/span><\/a><\/p>\n","protected":false},"author":15160168,"featured_media":0,"parent":0,"menu_order":0,"comment_status":"closed","ping_status":"closed","template":"","meta":{"jetpack_post_was_ever_published":false,"footnotes":""},"class_list":["post-1459","page","type-page","status-publish","hentry"],"jetpack_sharing_enabled":true,"_links":{"self":[{"href":"https:\/\/chiclana.wordcamp.org\/2023\/wp-json\/wp\/v2\/pages\/1459","targetHints":{"allow":["GET"]}}],"collection":[{"href":"https:\/\/chiclana.wordcamp.org\/2023\/wp-json\/wp\/v2\/pages"}],"about":[{"href":"https:\/\/chiclana.wordcamp.org\/2023\/wp-json\/wp\/v2\/types\/page"}],"author":[{"embeddable":true,"href":"https:\/\/chiclana.wordcamp.org\/2023\/wp-json\/wp\/v2\/users\/15160168"}],"replies":[{"embeddable":true,"href":"https:\/\/chiclana.wordcamp.org\/2023\/wp-json\/wp\/v2\/comments?post=1459"}],"version-history":[{"count":5,"href":"https:\/\/chiclana.wordcamp.org\/2023\/wp-json\/wp\/v2\/pages\/1459\/revisions"}],"predecessor-version":[{"id":2872,"href":"https:\/\/chiclana.wordcamp.org\/2023\/wp-json\/wp\/v2\/pages\/1459\/revisions\/2872"}],"wp:attachment":[{"href":"https:\/\/chiclana.wordcamp.org\/2023\/wp-json\/wp\/v2\/media?parent=1459"}],"curies":[{"name":"wp","href":"https:\/\/api.w.org\/{rel}","templated":true}]}}