{"id":172,"date":"2019-11-12T13:58:15","date_gmt":"2019-11-12T13:58:15","guid":{"rendered":"https:\/\/2020.chiclana.wordcamp.org\/location\/"},"modified":"2023-01-10T20:21:30","modified_gmt":"2023-01-10T19:21:30","slug":"ubicacion","status":"publish","type":"page","link":"https:\/\/chiclana.wordcamp.org\/2023\/ubicacion\/","title":{"rendered":"Ubicaci\u00f3n"},"content":{"rendered":"\n<p>A continuaci\u00f3n encontrar\u00e1s informaci\u00f3n sobre las localizaciones, m\u00e9todos de contacto y el horario en el que abrir\u00e1n cada uno de los centros durante la WordCamp Chiclana 2023.<\/p>\n\n\n\n<div id=\"centro-box\"><\/div>\n\n\n\n<h2 class=\"wp-block-heading\">Viernes 3 de marzo de 2023<\/h2>\n\n\n\n<p>El <strong>viernes 3 y el s\u00e1bado 4<\/strong>, la <strong>WordCamp Chiclana 2023<\/strong> se celebrar\u00e1 en el<strong> Centro de Iniciativas Juveniles<\/strong> (Chiclana de la Frontera, C\u00e1diz)<\/p>\n\n\n\n<p><strong>Centro de Iniciativas Juveniles bOx<br><\/strong>Calle de Severo Ochoa s\/n &#8211; 11130 Chiclana de la Frontera (C\u00e1diz)<br><strong>Tel\u00e9fono \/ Fax:<\/strong> 956 40 60 56 \/ 956 40 60 56<br><strong>Correo Electr\u00f3nico:<\/strong> administracion@centrobox.es<\/p>\n\n\n\n<p><strong>Horario:<\/strong><br><strong>Viernes 3 de marzo <\/strong>de 11:00 a 18:30<br><strong>S\u00e1bado 4 de marzo<\/strong> de 9:00 a 20:30<\/p>\n\n\n<div class=\"googlemaps\">\n\t\t\t\t<iframe loading=\"lazy\" width=\"100\" height=\"450\" frameborder=\"0\" scrolling=\"no\" marginheight=\"0\" marginwidth=\"0\"  src=\"https:\/\/www.google.com\/maps\/embed?pb=!1m18!1m12!1m3!1d674.8821460621065!2d-6.154699994614916!3d36.426160202444805!2m3!1f0!2f0!3f0!3m2!1i1024!2i768!4f13.1!3m3!1m2!1s0x0:0x7df46ca503959e6e!2sCentro%20de%20Iniciativas%20Juveniles%20Box!5e0!3m2!1ses!2sus!4v1496316096877\"><\/iframe>\n\t\t\t<\/div>\n\n\n<div class=\"googlemaps\">\n\t\t\t\t<iframe loading=\"lazy\" width=\"100\" height=\"450\" frameborder=\"0\" scrolling=\"no\" marginheight=\"0\" marginwidth=\"0\"  src=\"https:\/\/www.google.com\/maps\/embed?pb=!1m0!3m2!1ses!2sus!4v1496314334386!6m8!1m7!1sV1FDnfmyvVpXwj9jQmvzNg!2m2!1d36.42577446021652!2d-6.154597662851387!3f306!4f0!5f0.7820865974627469\"><\/iframe>\n\t\t\t<\/div>\n","protected":false},"excerpt":{"rendered":"<p>A continuaci\u00f3n encontrar\u00e1s informaci\u00f3n sobre las localizaciones, m\u00e9todos de contacto y el horario en el que abrir\u00e1n cada uno de los centros durante la WordCamp Chiclana 2023. Viernes 3 de marzo de 2023 El viernes 3 y el s\u00e1bado 4, la WordCamp Chiclana 2023 se celebrar\u00e1 en el Centro de Iniciativas Juveniles (Chiclana de la &hellip; <a href=\"https:\/\/chiclana.wordcamp.org\/2023\/ubicacion\/\" class=\"more-link\">Sigue leyendo <span class=\"screen-reader-text\">Ubicaci\u00f3n<\/span><\/a><\/p>\n","protected":false},"author":15711322,"featured_media":0,"parent":0,"menu_order":0,"comment_status":"closed","ping_status":"closed","template":"","meta":{"jetpack_post_was_ever_published":false,"footnotes":""},"class_list":["post-172","page","type-page","status-publish","hentry"],"jetpack_sharing_enabled":true,"_links":{"self":[{"href":"https:\/\/chiclana.wordcamp.org\/2023\/wp-json\/wp\/v2\/pages\/172","targetHints":{"allow":["GET"]}}],"collection":[{"href":"https:\/\/chiclana.wordcamp.org\/2023\/wp-json\/wp\/v2\/pages"}],"about":[{"href":"https:\/\/chiclana.wordcamp.org\/2023\/wp-json\/wp\/v2\/types\/page"}],"author":[{"embeddable":true,"href":"https:\/\/chiclana.wordcamp.org\/2023\/wp-json\/wp\/v2\/users\/15711322"}],"replies":[{"embeddable":true,"href":"https:\/\/chiclana.wordcamp.org\/2023\/wp-json\/wp\/v2\/comments?post=172"}],"version-history":[{"count":6,"href":"https:\/\/chiclana.wordcamp.org\/2023\/wp-json\/wp\/v2\/pages\/172\/revisions"}],"predecessor-version":[{"id":2137,"href":"https:\/\/chiclana.wordcamp.org\/2023\/wp-json\/wp\/v2\/pages\/172\/revisions\/2137"}],"wp:attachment":[{"href":"https:\/\/chiclana.wordcamp.org\/2023\/wp-json\/wp\/v2\/media?parent=172"}],"curies":[{"name":"wp","href":"https:\/\/api.w.org\/{rel}","templated":true}]}}