{"id":1885,"date":"2022-12-29T18:40:28","date_gmt":"2022-12-29T17:40:28","guid":{"rendered":"https:\/\/chiclana.wordcamp.org\/2023\/?page_id=1885"},"modified":"2023-02-03T17:15:12","modified_gmt":"2023-02-03T16:15:12","slug":"inicio","status":"publish","type":"page","link":"https:\/\/chiclana.wordcamp.org\/2023\/","title":{"rendered":"WordCamp Chiclana 2023"},"content":{"rendered":"\n<div style=\"height:20px\" aria-hidden=\"true\" class=\"wp-block-spacer\"><\/div>\n\n\n\n<h1 class=\"wp-block-heading\">\u00bfQu\u00e9 es WordCamp Chiclana 2023?<\/h1>\n\n\n\n<p>Los pr\u00f3ximos d\u00edas\u00a0<strong>3 y 4 de marzo de 2023\u00a0<\/strong>tendr\u00e1 lugar<strong>\u00a0en Chiclana de la Frontera\u00a0<\/strong>(C\u00e1diz), un evento tecnol\u00f3gico de repercusi\u00f3n internacional: Una WordCamp.<\/p>\n\n\n\n<h2 class=\"wp-block-heading\">\u00bfQu\u00e9 es una WordCamp?<\/h2>\n\n\n\n<p>Las&nbsp;<a rel=\"noreferrer noopener\" href=\"https:\/\/central.wordcamp.org\/\" target=\"_blank\"><strong>WordCamp<\/strong><\/a>&nbsp;son eventos oficiales de WordPress que se organizan a lo largo y ancho de todo el planeta, por y para la&nbsp;<strong>Comunidad de usuarios<\/strong>&nbsp;de este software libre:&nbsp;<strong>WordPress<\/strong>.<\/p>\n\n\n\n<p>Las WordCamp incluyen&nbsp;<strong>charlas, talleres, conferencias<\/strong>&nbsp;sobre temas relacionados con el dise\u00f1o web, el desarrollo web, el marketing online, el software libre, el emprendimiento en Internet y muchos otros temas, pero centrando la atenci\u00f3n en&nbsp;<strong>WordPress<\/strong>.<\/p>\n\n\n\n<h2 class=\"wp-block-heading\">\u00bfA qui\u00e9n le puede interesar?<\/h2>\n\n\n\n<p>Una WordCamp re\u00fane a&nbsp;<strong>personas de todos los \u00e1mbitos y sectores<\/strong>, a los que une un inter\u00e9s com\u00fan: El uso de&nbsp;<a rel=\"noreferrer noopener\" href=\"https:\/\/es.wordpress.org\/\" target=\"_blank\">WordPress<\/a>.<\/p>\n\n\n\n<p>Si est\u00e1s interesado en poner en marcha tu sitio web en Internet o una tienda online, si te gusta el dise\u00f1o o desarrollo de software o el marketing online, puedes sacar mucho partido de este evento.<\/p>\n\n\n\n<p><strong>\u00a1No lo pienses m\u00e1s y participa en la WordCamp Chiclana 2023!<\/strong><\/p>\n\n\n\n<h2 class=\"wp-block-heading\">\u00bfC\u00f3mo puedo participar?<\/h2>\n\n\n\n<p>Hay diferentes maneras de participar en una WordCamp.<\/p>\n\n\n\n<ul class=\"wp-block-list\">\n<li><a href=\"https:\/\/chiclana.wordcamp.org\/2023\/compra-tu-entrada\/\" data-type=\"page\" data-id=\"174\" target=\"_blank\" rel=\"noreferrer noopener\"><strong>Puedes acudir como asistente<\/strong><\/a>\u00a0y disfrutar de un d\u00eda de charlas, talleres y networking con la mayor comunidad de software libre del mundo.<\/li>\n\n\n\n<li>Puedes<a href=\"https:\/\/chiclana.wordcamp.org\/2023\/patrocina\/\" data-type=\"page\" data-id=\"214\">\u00a0<strong>patrocinar la WordCamp<\/strong><\/a><strong>\u00a0<\/strong>y apoyar econ\u00f3micamente el evento al mismo tiempo que das\u00a0<strong>visibilidad local, nacional e internacional\u00a0<\/strong>a tu marca.<\/li>\n\n\n\n<li>Puedes\u00a0<strong><a href=\"https:\/\/chiclana.wordcamp.org\/2023\/llamada-a-voluntarios\/\" data-type=\"page\" data-id=\"1459\">presentarte como voluntario<\/a><\/strong>\u00a0y ayudar el d\u00eda del evento a la organizaci\u00f3n.<\/li>\n\n\n\n<li>Y tambi\u00e9n puedes\u00a0<strong>enviar tu propuesta de charla o taller<\/strong>\u00a0y compartir tus conocimientos e ideas con el resto de asistentes.<\/li>\n<\/ul>\n\n\n\n<p>\u00bfYa has pensado c\u00f3mo vas a participar?<\/p>\n","protected":false},"excerpt":{"rendered":"<p>\u00bfQu\u00e9 es WordCamp Chiclana 2023? Los pr\u00f3ximos d\u00edas\u00a03 y 4 de marzo de 2023\u00a0tendr\u00e1 lugar\u00a0en Chiclana de la Frontera\u00a0(C\u00e1diz), un evento tecnol\u00f3gico de repercusi\u00f3n internacional: Una WordCamp. \u00bfQu\u00e9 es una WordCamp? Las&nbsp;WordCamp&nbsp;son eventos oficiales de WordPress que se organizan a lo largo y ancho de todo el planeta, por y para la&nbsp;Comunidad de usuarios&nbsp;de este &hellip; <a href=\"https:\/\/chiclana.wordcamp.org\/2023\/\" class=\"more-link\">Sigue leyendo <span class=\"screen-reader-text\">WordCamp Chiclana 2023<\/span><\/a><\/p>\n","protected":false},"author":15711338,"featured_media":2144,"parent":0,"menu_order":0,"comment_status":"closed","ping_status":"closed","template":"page-large-header","meta":{"jetpack_post_was_ever_published":false,"footnotes":""},"class_list":["post-1885","page","type-page","status-publish","has-post-thumbnail","hentry"],"jetpack_sharing_enabled":true,"_links":{"self":[{"href":"https:\/\/chiclana.wordcamp.org\/2023\/wp-json\/wp\/v2\/pages\/1885","targetHints":{"allow":["GET"]}}],"collection":[{"href":"https:\/\/chiclana.wordcamp.org\/2023\/wp-json\/wp\/v2\/pages"}],"about":[{"href":"https:\/\/chiclana.wordcamp.org\/2023\/wp-json\/wp\/v2\/types\/page"}],"author":[{"embeddable":true,"href":"https:\/\/chiclana.wordcamp.org\/2023\/wp-json\/wp\/v2\/users\/15711338"}],"replies":[{"embeddable":true,"href":"https:\/\/chiclana.wordcamp.org\/2023\/wp-json\/wp\/v2\/comments?post=1885"}],"version-history":[{"count":42,"href":"https:\/\/chiclana.wordcamp.org\/2023\/wp-json\/wp\/v2\/pages\/1885\/revisions"}],"predecessor-version":[{"id":2610,"href":"https:\/\/chiclana.wordcamp.org\/2023\/wp-json\/wp\/v2\/pages\/1885\/revisions\/2610"}],"wp:featuredmedia":[{"embeddable":true,"href":"https:\/\/chiclana.wordcamp.org\/2023\/wp-json\/wp\/v2\/media\/2144"}],"wp:attachment":[{"href":"https:\/\/chiclana.wordcamp.org\/2023\/wp-json\/wp\/v2\/media?parent=1885"}],"curies":[{"name":"wp","href":"https:\/\/api.w.org\/{rel}","templated":true}]}}