{"id":2616,"date":"2023-02-03T19:20:18","date_gmt":"2023-02-03T18:20:18","guid":{"rendered":"https:\/\/chiclana.wordcamp.org\/2023\/?page_id=2616"},"modified":"2023-02-03T20:21:18","modified_gmt":"2023-02-03T19:21:18","slug":"como-llegar-a-chiclana-de-la-frontera-2","status":"publish","type":"page","link":"https:\/\/chiclana.wordcamp.org\/2023\/como-llegar-a-chiclana-de-la-frontera-2\/","title":{"rendered":"C\u00f3mo llegar a Chiclana de la Frontera"},"content":{"rendered":"\n<p>\u00a1Querido visitante, ponente o patrocinador, esto te interesa!<\/p>\n\n\n\n<p>Antes de ponerte en camino hacia la <strong>WordCamp Chiclana 2023<\/strong>, necesitas saber <strong>c\u00f3mo<\/strong> <strong>llegar al magn\u00edfico territorio de Chiclana de la Frontera<\/strong>. Por ello te vamos a contar los medios de transporte disponibles.<\/p>\n\n\n\n<p>Si prefieres <strong>viajar en avi\u00f3n<\/strong>, el aeropuerto m\u00e1s cercano se encuentra en <strong>Jerez<\/strong>, a una distancia de aproximadamente 40 kil\u00f3metros de Chiclana. Una vez llegues all\u00ed, tienes la opci\u00f3n de tomar un tren, un autob\u00fas o venir en coche para llegar a Chiclana:<\/p>\n\n\n\n<ul class=\"wp-block-list\">\n<li>Puedes coger un <strong>tren <\/strong>directamente en el <strong>aeropuerto de Jerez<\/strong>, bajarte en la parada <strong>\u201cBah\u00eda Sur\u201d<\/strong> de San Fernando y tomar el <strong>autob\u00fas M-120<\/strong> hacia Chiclana o una vez que llegues a la parada de tren puedes ir andando hasta la Plaza Del Rey y coger un <strong>tranv\u00eda T1.<\/strong><\/li>\n\n\n\n<li>Desde el Aeropuerto de Jerez tambi\u00e9n puedes venir en <strong>autob\u00fas M-050, M-052 o M-053<\/strong> hasta <strong>\u201cC\u00e1diz Telegraf\u00eda Estadio\u201d<\/strong> y desde all\u00ed el <strong>autob\u00fas M-020<\/strong> hacia Chiclana.<\/li>\n\n\n\n<li>Tambi\u00e9n puedes ir <strong>en coche<\/strong> desde el aeropuerto, por la <strong>carretera A-4 <\/strong>en unos 35 minutos llegar\u00edas a Chiclana.<\/li>\n<\/ul>\n\n\n\n<p>Otras opciones para <strong>viajar en avi\u00f3n<\/strong> es llegar a los <strong>aeropuertos de Sevilla y M\u00e1laga<\/strong>, desde cualquiera de los dos existen muy buenas conexiones nacionales. Sugerimos que te informes sobre los horarios y las frecuencias de los vuelos en <a href=\"http:\/\/aereopuerto.net\" data-type=\"URL\" data-id=\"aereopuerto.net\">aeropuerto.net<\/a>.<\/p>\n\n\n\n<p>Si quieres <strong>venir en coche<\/strong>, la <strong>autopista C\u00e1diz-Sevilla <\/strong>es una de las mejores carreteras que tenemos y en estos momentos se encuentra en perfecto estado. Por lo que sigue compensando tomar esta v\u00eda a la alternativa, que ser\u00eda la antigua nacional, que adem\u00e1s de tener un poco m\u00e1s de recorrido, su tr\u00e1fico tambi\u00e9n es m\u00e1s lento. Recuerda que ya esta autopista no cuenta con peaje, as\u00ed que genial para el bolsillo.<\/p>\n\n\n\n<p>Si vienes de m\u00e1s all\u00e1 de Andaluc\u00eda, <strong>viajar en coche<\/strong> hasta Chiclana sigue siendo una buena opci\u00f3n, el resto de carreteras han ido mejorando, por ejemplo, <strong>hoy d\u00eda se puede hacer un viaje entre C\u00e1diz y Barcelona en 11 horas por algo m\u00e1s de 100 Euros<\/strong>, incluidos gasolina y peajes. Pod\u00e9is consultar la web de Michelin que ofrece much\u00edsima informaci\u00f3n y por norma general est\u00e1 bastante actualizada.<\/p>\n\n\n\n<p>Para los asistentes que se decidan por <strong>utilizar el tren o el autob\u00fas<\/strong>, pues casi lo mismo que en el caso del avi\u00f3n. De todos modos, como siempre recomendamos, inf\u00f3rmate con tiempo por cualquier contratiempo que pueda pasar de \u00faltima hora.<\/p>\n\n\n\n<p>Una vez que llegu\u00e9is a Chiclana no tendr\u00e9is problema alguno en encontrar el <strong>Centro de Iniciativas Juveniles bOx<\/strong>, que ser\u00e1 donde nos veremos el 3 y 4 de marzo. Ten\u00e9is m\u00e1s informaci\u00f3n de la ubicaci\u00f3n del evento en <a href=\"https:\/\/chiclana.wordcamp.org\/2023\/ubicacion\/\">nuestra web<\/a>.<\/p>\n\n\n\n<p>Os dejamos enlaces interesantes sobre las distintas alternativas que puede ser de gran ayuda:<\/p>\n\n\n\n<h2 class=\"wp-block-heading\">Aeropuertos<\/h2>\n\n\n\n<ul class=\"wp-block-list\">\n<li><a href=\"https:\/\/aeropuertos.net\/\">aeropuertos.net<\/a><\/li>\n\n\n\n<li><a href=\"http:\/\/www.aena.es\/es\/aeropuerto-jerez\/index.html\">Aeropuerto de Jerez<\/a><\/li>\n\n\n\n<li><a href=\"http:\/\/www.aena.es\/es\/aeropuerto-sevilla\/guia-aeropuerto.html\">Aeropuerto de Sevilla<\/a><\/li>\n\n\n\n<li><a href=\"http:\/\/www.aena.es\/es\/aeropuerto-malaga\/destinos-aeropuerto.html\">Aeropuerto de M\u00e1laga<\/a><\/li>\n\n\n\n<li><a href=\"https:\/\/www.kayak.es\/flights\/\">KAYAK<\/a><\/li>\n\n\n\n<li><a href=\"https:\/\/www.rome2rio.com\/es\/s\/Aeropuerto-de-Jerez\/Chiclana\">Rome2rio<\/a><\/li>\n\n\n\n<li><a href=\"https:\/\/www.suntransfers.com\/es\/aeropuerto-de-jerez?gclid=Cj0KCQiAyKrxBRDHARIsAKCzn8x3EU4oYywIoX0OjTaWfefP4vd6CxwzC1So-g2w4WOqMPuPzFwLLDsaArVLEALw_wcB\">Taxis privados<\/a> desde aeropuerto de Jerez<\/li>\n<\/ul>\n\n\n\n<h3 class=\"wp-block-heading\">Coche<\/h3>\n\n\n\n<ul class=\"wp-block-list\">\n<li><a href=\"https:\/\/www.blablacar.es\/\">Bla Bla Car<\/a><\/li>\n\n\n\n<li><a href=\"https:\/\/www.viamichelin.es\/web\/Itinerarios\">Via Michelin<\/a><\/li>\n<\/ul>\n\n\n\n<h3 class=\"wp-block-heading\">Autob\u00fas<\/h3>\n\n\n\n<ul class=\"wp-block-list\">\n<li><a href=\"https:\/\/www.tgcomes.es\/\">Transportes COMES<\/a><\/li>\n\n\n\n<li><a href=\"https:\/\/www.alsa.es\/nuestros-destinos\/nacionales\">ALSA<\/a><\/li>\n<\/ul>\n\n\n\n<h3 class=\"wp-block-heading\">Tren<\/h3>\n\n\n\n<ul class=\"wp-block-list\">\n<li><a href=\"http:\/\/www.renfe.com\/viajeros\/\">RENFE<\/a><\/li>\n<\/ul>\n\n\n\n<h3 class=\"wp-block-heading\">Tranv\u00eda<\/h3>\n\n\n\n<ul class=\"wp-block-list\">\n<li><a href=\"https:\/\/trambahia.es\/es\">Trambah\u00eda<\/a><\/li>\n<\/ul>\n\n\n\n<p><br>Esperamos que esta informaci\u00f3n te sea \u00fatil para llegar con comodidad a <strong>Chiclana de la Frontera<\/strong>. \u00a1Te esperamos en la WordCamp Chiclana 2023!<\/p>\n\n\n\n<p>\u00a1FELIZ WORDCAMP!<\/p>\n","protected":false},"excerpt":{"rendered":"<p>\u00a1Querido visitante, ponente o patrocinador, esto te interesa! Antes de ponerte en camino hacia la WordCamp Chiclana 2023, necesitas saber c\u00f3mo llegar al magn\u00edfico territorio de Chiclana de la Frontera. Por ello te vamos a contar los medios de transporte disponibles. Si prefieres viajar en avi\u00f3n, el aeropuerto m\u00e1s cercano se encuentra en Jerez, a &hellip; <a href=\"https:\/\/chiclana.wordcamp.org\/2023\/como-llegar-a-chiclana-de-la-frontera-2\/\" class=\"more-link\">Sigue leyendo <span class=\"screen-reader-text\">C\u00f3mo llegar a Chiclana de la Frontera<\/span><\/a><\/p>\n","protected":false},"author":17635854,"featured_media":0,"parent":0,"menu_order":0,"comment_status":"closed","ping_status":"closed","template":"","meta":{"jetpack_post_was_ever_published":false,"footnotes":""},"class_list":["post-2616","page","type-page","status-publish","hentry"],"jetpack_sharing_enabled":true,"_links":{"self":[{"href":"https:\/\/chiclana.wordcamp.org\/2023\/wp-json\/wp\/v2\/pages\/2616","targetHints":{"allow":["GET"]}}],"collection":[{"href":"https:\/\/chiclana.wordcamp.org\/2023\/wp-json\/wp\/v2\/pages"}],"about":[{"href":"https:\/\/chiclana.wordcamp.org\/2023\/wp-json\/wp\/v2\/types\/page"}],"author":[{"embeddable":true,"href":"https:\/\/chiclana.wordcamp.org\/2023\/wp-json\/wp\/v2\/users\/17635854"}],"replies":[{"embeddable":true,"href":"https:\/\/chiclana.wordcamp.org\/2023\/wp-json\/wp\/v2\/comments?post=2616"}],"version-history":[{"count":3,"href":"https:\/\/chiclana.wordcamp.org\/2023\/wp-json\/wp\/v2\/pages\/2616\/revisions"}],"predecessor-version":[{"id":2620,"href":"https:\/\/chiclana.wordcamp.org\/2023\/wp-json\/wp\/v2\/pages\/2616\/revisions\/2620"}],"wp:attachment":[{"href":"https:\/\/chiclana.wordcamp.org\/2023\/wp-json\/wp\/v2\/media?parent=2616"}],"curies":[{"name":"wp","href":"https:\/\/api.w.org\/{rel}","templated":true}]}}