{"id":332,"date":"2019-12-13T11:16:18","date_gmt":"2019-12-13T10:16:18","guid":{"rendered":"https:\/\/2020.chiclana.wordcamp.org\/?page_id=332"},"modified":"2023-02-02T19:27:04","modified_gmt":"2023-02-02T18:27:04","slug":"programa","status":"publish","type":"page","link":"https:\/\/chiclana.wordcamp.org\/2023\/programa\/","title":{"rendered":"Programa"},"content":{"rendered":"\n<p class=\"has-white-color has-bright-blue-background-color has-text-color has-background\">Los horarios de las charlas y talleres son provisionales y pueden tener variaciones.<\/p>\n\n\n\n<p class=\"has-white-color has-medium-pink-background-color has-text-color has-background\"><strong>IMPORTANTE:<\/strong>&nbsp;<br>Los talleres tienen un&nbsp;<strong>aforo limitado<\/strong>&nbsp;y deber\u00e1s elegir&nbsp;<strong>dos talleres<\/strong>&nbsp;cuando te demos tu acreditaci\u00f3n, a tu llegada, as\u00ed que,<br>por favor, ve pensando en al menos 4 talleres favoritos (por si se van acabando las plazas) \u00a1y s\u00e9 puntual! <\/p>\n\n\n\n<h2 class=\"wp-block-heading\">Contributor Day<br>Viernes 3 de marzo de 2023<\/h2>\n\n\n\n<div\n\tclass=\"wp-block-wordcamp-schedule alignwide is-loading\"\n\t\tdata-attributes=\"{&quot;__isStylesPreview&quot;:false,&quot;align&quot;:&quot;wide&quot;,&quot;chooseSpecificDays&quot;:true,&quot;chosenDays&quot;:[&quot;2023-03-03&quot;],&quot;chooseSpecificTracks&quot;:false,&quot;chosenTrackIds&quot;:[],&quot;showCategories&quot;:true,&quot;useClientTimezone&quot;:false,&quot;className&quot;:&quot;is-style-default&quot;}\"\n>\n\tCargando\u2026<\/div>\n\n\n\t<div class=\"email-form fav-session-email-form-hide\">\n\t\t<!-- Tab links -->\n\t\t<div class=\"fav-session-share-tab\">\n\t\t\t\t\t\t\t<div class=\"fav-session-tablinks\" id=\"fav-session-btn-email\">\n\t\t\t\t\tCorreo electr\u00f3nico\t\t\t\t<\/div>\n\t\t\t\n\t\t\t<div class=\"fav-session-tablinks\" id=\"fav-session-btn-link\">\n\t\t\t\tEnlace\t\t\t<\/div>\n\n\t\t\t<div class=\"fav-session-tablinks\" id=\"fav-session-btn-print\">\n\t\t\t\tImprimir\t\t\t<\/div>\n\t\t<\/div>\n\n\t\t<!-- Tab content -->\n\t\t\t\t\t<div id=\"fav-session-tab-email\" class=\"fav-session-share-tabcontent\">\n\t\t\t\t<div id=\"fav-session-email-form\">\n\t\t\t\t\tEnv\u00edame mis sesiones favoritas:\n\t\t\t\t\t<form id=\"fav-sessions-form\">\n\t\t\t\t\t\t<input\n\t\t\t\t\t\t\ttype=\"text\"\n\t\t\t\t\t\t\tname=\"email_address\"\n\t\t\t\t\t\t\tid=\"fav-sessions-email-address\"\n\t\t\t\t\t\t\tplaceholder=\"me@protonmail.com\"\n\t\t\t\t\t\t\/>\n\t\t\t\t\t\t<input type=\"submit\" value=\"Enviar\" \/>\n\t\t\t\t\t<\/form>\n\t\t\t\t<\/div>\n\n\t\t\t\t<div class=\"fav-session-email-wait-spinner\"><\/div>\n\t\t\t\t<div class=\"fav-session-email-result\"><\/div>\n\t\t\t<\/div>\n\t\t\n\t\t<div id=\"fav-session-tab-link\" class=\"fav-session-share-tabcontent\">\n\t\t\tEnlace compartible:\t\t\t<br \/>\n\t\t\t<a id=\"fav-sessions-link\" href=\"\"><\/a>\n\t\t<\/div>\n\n\t\t<div id=\"fav-session-tab-print\" class=\"fav-session-share-tabcontent\">\n\t\t\t<button id=\"fav-session-print\">\n\t\t\t\tImprimir sesiones favoritas\t\t\t<\/button>\n\t\t<\/div>\n\t<\/div>\n\n\t<a class=\"show-email-form\" href=\"javascript:\">\n\t\t<span class=\"dashicons dashicons-star-filled\"><\/span>\n\t\t<span class=\"dashicons dashicons-email-alt\"><\/span>\n\t<\/a>\n\n\t\n\n\n<h2 class=\"wp-block-heading\">D\u00eda de ponencias y talleres<br>S\u00e1bado 4 de marzo de 2023<\/h2>\n\n\n\n<div\n\tclass=\"wp-block-wordcamp-schedule alignwide is-loading\"\n\t\tdata-attributes=\"{&quot;__isStylesPreview&quot;:false,&quot;align&quot;:&quot;wide&quot;,&quot;chooseSpecificDays&quot;:true,&quot;chosenDays&quot;:[&quot;2023-03-04&quot;],&quot;chooseSpecificTracks&quot;:false,&quot;chosenTrackIds&quot;:[],&quot;showCategories&quot;:true,&quot;useClientTimezone&quot;:false,&quot;className&quot;:&quot;is-style-default&quot;}\"\n>\n\tCargando\u2026<\/div>\n\n","protected":false},"excerpt":{"rendered":"<p>Los horarios de las charlas y talleres son provisionales y pueden tener variaciones. IMPORTANTE:&nbsp;Los talleres tienen un&nbsp;aforo limitado&nbsp;y deber\u00e1s elegir&nbsp;dos talleres&nbsp;cuando te demos tu acreditaci\u00f3n, a tu llegada, as\u00ed que,por favor, ve pensando en al menos 4 talleres favoritos (por si se van acabando las plazas) \u00a1y s\u00e9 puntual! Contributor DayViernes 3 de marzo de &hellip; <a href=\"https:\/\/chiclana.wordcamp.org\/2023\/programa\/\" class=\"more-link\">Sigue leyendo <span class=\"screen-reader-text\">Programa<\/span><\/a><\/p>\n","protected":false},"author":14178169,"featured_media":0,"parent":0,"menu_order":0,"comment_status":"closed","ping_status":"closed","template":"","meta":{"jetpack_post_was_ever_published":true,"footnotes":""},"class_list":["post-332","page","type-page","status-publish","hentry"],"jetpack_sharing_enabled":true,"_links":{"self":[{"href":"https:\/\/chiclana.wordcamp.org\/2023\/wp-json\/wp\/v2\/pages\/332","targetHints":{"allow":["GET"]}}],"collection":[{"href":"https:\/\/chiclana.wordcamp.org\/2023\/wp-json\/wp\/v2\/pages"}],"about":[{"href":"https:\/\/chiclana.wordcamp.org\/2023\/wp-json\/wp\/v2\/types\/page"}],"author":[{"embeddable":true,"href":"https:\/\/chiclana.wordcamp.org\/2023\/wp-json\/wp\/v2\/users\/14178169"}],"replies":[{"embeddable":true,"href":"https:\/\/chiclana.wordcamp.org\/2023\/wp-json\/wp\/v2\/comments?post=332"}],"version-history":[{"count":8,"href":"https:\/\/chiclana.wordcamp.org\/2023\/wp-json\/wp\/v2\/pages\/332\/revisions"}],"predecessor-version":[{"id":2534,"href":"https:\/\/chiclana.wordcamp.org\/2023\/wp-json\/wp\/v2\/pages\/332\/revisions\/2534"}],"wp:attachment":[{"href":"https:\/\/chiclana.wordcamp.org\/2023\/wp-json\/wp\/v2\/media?parent=332"}],"curies":[{"name":"wp","href":"https:\/\/api.w.org\/{rel}","templated":true}]}}