{"id":174,"date":"2019-12-12T13:56:18","date_gmt":"2019-12-12T12:56:18","guid":{"rendered":"https:\/\/2020.chiclana.wordcamp.org\/?page_id=13"},"modified":"2024-04-03T11:23:33","modified_gmt":"2024-04-03T09:23:33","slug":"compra-tu-entrada","status":"publish","type":"page","link":"https:\/\/chiclana.wordcamp.org\/2024\/compra-tu-entrada\/","title":{"rendered":"Compra tu entrada"},"content":{"rendered":"\n<h2 class=\"wp-block-heading\">\u00bfCu\u00e1ndo?<\/h2>\n\n\n\n<p>El evento se celebrar\u00e1 durante 2 d\u00edas:<\/p>\n\n\n\n<ul class=\"wp-block-list\">\n<li><strong>Viernes 5 de abril<\/strong> &#8211; de 17:00 a 20:00 <strong>&#8211; D\u00eda de la comunidad<\/strong> (<a href=\"https:\/\/chiclana.wordcamp.org\/2024\/que-es-el-contributor-day\/\">\u00bfQu\u00e9 es el d\u00eda de la comunidad?<\/a>) con mesas de trabajo sobre diferentes temas (traducciones, foros de soporte, accesibilidad, marketing, WordPress.tv, etc.)<br><\/li>\n\n\n\n<li><strong>S\u00e1bado 6 de abril<\/strong> &#8211; de 9:00 a 20:00 <strong>&#8211; D\u00eda de ponencias y charlas<\/strong> sobre WordPress.<\/li>\n<\/ul>\n\n\n\n<h2 class=\"wp-block-heading\">\u00bfQu\u00e9 incluye la entrada? <\/h2>\n\n\n\n<p><strong>La entrada b\u00e1sica de solo 15 euros<\/strong> incluye:<\/p>\n\n\n\n<ul class=\"wp-block-list\">\n<li><strong>Acceso al evento y a todas sus ponencias del s\u00e1bado d\u00eda <\/strong>6 de abril (hasta alcanzar su cupo).<\/li>\n\n\n\n<li><strong>Acceso al contributor day<\/strong> del viernes 5 de abril.<\/li>\n\n\n\n<li><strong>Coffee break<\/strong> (pausa para el caf\u00e9, vaya) los d\u00edas 5 y 6 para recargar las pilas.<\/li>\n\n\n\n<li><strong>Cena del viernes 5 y desayuno y almuerzo del s\u00e1bado 6<\/strong> para continuar haciendo networking, intercambiar ideas y consultas con otros compa\u00f1eros.<\/li>\n\n\n\n<li>Elemento de merchandising personalizado del evento<\/li>\n\n\n\n<li>Acreditaci\u00f3n.<\/li>\n\n\n\n<li>Descuentos y\/o promociones para consumiciones en la fiesta que celebraremos en la noche del s\u00e1bado (<strong>After Party<\/strong>)<\/li>\n\n\n\n<li>\u00a1Y otras sorpresas que nos ofrecer\u00e1n nuestros <strong>patrocinadores<\/strong>!<\/li>\n<\/ul>\n\n\n\n<h2 class=\"wp-block-heading\">\u00bfA qu\u00e9 esperas?<\/h2>\n\n\n\n<h2 class=\"wp-block-heading\">\u00a1Compra tu entrada antes que se acaben!<\/h2>\n\n\n\n<p>Estaremos encantados de verte en la WordCamp Chiclana 2024 \ud83d\ude42<\/p>\n\n\n\n<p class=\"has-contrast-color has-medium-pink-background-color has-text-color has-background\"><strong>IMPORTANTE:<\/strong> Antes de comprar tu entrada <strong>\u00bfpor qu\u00e9 no te planteas un micropatrocinio?<\/strong> Est\u00e1n disponibles <a href=\"#micropatrocinio\" data-type=\"internal\" data-id=\"#micropatrocinio\">desde solo 30 euros<\/a>. &nbsp;\u00a1Nos ayudar\u00e1s mucho!<\/p>\n\n\n\n<p><strong>AUTORIZACI\u00d3N<\/strong>: Por el bien de la comunidad y con fines  de promoci\u00f3n, habr\u00e1 voluntarios y\/o fot\u00f3grafos profesionales los d\u00edas 5 y 6 de abril. <br>Al asistir al evento autorizas expresamente la utilizaci\u00f3n de tu imagen y\/o voz (si apareces en fotos o v\u00eddeos que se puedan tomar) que muestren tu participaci\u00f3n en la WordCamp Chiclana 2024.<\/p>\n\n\n\n<p><strong>Pol\u00edtica de reembolsos: <\/strong><br>No devolvemos el importe de las entradas, pero si est\u00e1 permitido que se la vendas o regales a otra persona que quiera asistir. En ese caso deber\u00e1s contactarnos para que podamos ponerla a nombre de esa persona. \u00a1Gracias!<\/p>\n\n\n\n<h2 class=\"wp-block-heading\">TODO VENDIDO &#8211; NO TENEMOS M\u00c1S ENTRADAS<\/h2>\n\n\n\n<h2 class=\"wp-block-heading\" id=\"micropatrocinio\"><strong>Suscriptor (30 euros)<\/strong><\/h2>\n\n\n\n<ul class=\"wp-block-list\">\n<li><strong>1 entrada<\/strong> al evento.<\/li>\n\n\n\n<li><strong>Agradecimiento<\/strong> en Twitter e Instagram.<\/li>\n\n\n\n<li>Aparecer\u00e1s en el listado de <a href=\"https:\/\/chiclana.wordcamp.org\/2024\/micro-patrocinadores-suscriptor\/\" data-type=\"page\" data-id=\"302\" target=\"_blank\" rel=\"noreferrer noopener\">Micro Patrocinadores \u00abSuscriptor\u00bb<\/a><\/li>\n\n\n\n<li><strong>Distintivo en tu acreditaci\u00f3n<\/strong> indicando el nivel de patrocinio.<\/li>\n<\/ul>\n\n\n\n<p>Ay\u00fadanos a ofrecer un gran evento. <strong>Por poco m\u00e1s del coste de la entrada b\u00e1sica,<\/strong> patrocina la WordCamp Chiclana 2024.<\/p>\n\n\n\n<h2 class=\"wp-block-heading\"><strong>Colaborador (100 euros)<\/strong><\/h2>\n\n\n\n<p><strong>Colabora con la comunidad<\/strong> al mismo tiempo que promocionas tu empresa o negocio.<\/p>\n\n\n\n<ul class=\"wp-block-list\">\n<li><strong>1 entrada<\/strong> al evento.<\/li>\n\n\n\n<li><strong>Agradecimiento<\/strong> en Twitter e Instagram.<\/li>\n\n\n\n<li>Aparecer\u00e1s en el listado de <a href=\"https:\/\/chiclana.wordcamp.org\/2024\/micro-patrocinadores-colaborador\/\" data-type=\"page\" data-id=\"294\" target=\"_blank\" rel=\"noreferrer noopener\">Micro Patrocinadores \u00abColaborador\u00bb<\/a><\/li>\n\n\n\n<li><strong>Logo de tu empresa<\/strong> en la secci\u00f3n de Patrocinadores del sitio web.<\/li>\n\n\n\n<li><strong>Distintivo en tu acreditaci\u00f3n<\/strong> indicando el nivel de patrocinio.<\/li>\n<\/ul>\n\n\n\n<p>\u00a1La comunidad te lo agradecer\u00e1!<\/p>\n","protected":false},"excerpt":{"rendered":"<p>\u00bfCu\u00e1ndo? El evento se celebrar\u00e1 durante 2 d\u00edas: \u00bfQu\u00e9 incluye la entrada? La entrada b\u00e1sica de solo 15 euros incluye: \u00bfA qu\u00e9 esperas? \u00a1Compra tu entrada antes que se acaben! Estaremos encantados de verte en la WordCamp Chiclana 2024 \ud83d\ude42 IMPORTANTE: Antes de comprar tu entrada \u00bfpor qu\u00e9 no te planteas un micropatrocinio? Est\u00e1n disponibles [&hellip;]<\/p>\n","protected":false},"author":15711322,"featured_media":0,"parent":0,"menu_order":0,"comment_status":"closed","ping_status":"closed","template":"","meta":{"jetpack_post_was_ever_published":false,"footnotes":""},"class_list":["post-174","page","type-page","status-publish","hentry"],"jetpack_sharing_enabled":true,"_links":{"self":[{"href":"https:\/\/chiclana.wordcamp.org\/2024\/wp-json\/wp\/v2\/pages\/174","targetHints":{"allow":["GET"]}}],"collection":[{"href":"https:\/\/chiclana.wordcamp.org\/2024\/wp-json\/wp\/v2\/pages"}],"about":[{"href":"https:\/\/chiclana.wordcamp.org\/2024\/wp-json\/wp\/v2\/types\/page"}],"author":[{"embeddable":true,"href":"https:\/\/chiclana.wordcamp.org\/2024\/wp-json\/wp\/v2\/users\/15711322"}],"replies":[{"embeddable":true,"href":"https:\/\/chiclana.wordcamp.org\/2024\/wp-json\/wp\/v2\/comments?post=174"}],"version-history":[{"count":10,"href":"https:\/\/chiclana.wordcamp.org\/2024\/wp-json\/wp\/v2\/pages\/174\/revisions"}],"predecessor-version":[{"id":4911,"href":"https:\/\/chiclana.wordcamp.org\/2024\/wp-json\/wp\/v2\/pages\/174\/revisions\/4911"}],"wp:attachment":[{"href":"https:\/\/chiclana.wordcamp.org\/2024\/wp-json\/wp\/v2\/media?parent=174"}],"curies":[{"name":"wp","href":"https:\/\/api.w.org\/{rel}","templated":true}]}}