{"id":238,"date":"2019-12-12T15:30:12","date_gmt":"2019-12-12T14:30:12","guid":{"rendered":"https:\/\/2020.chiclana.wordcamp.org\/?page_id=238"},"modified":"2019-12-12T15:30:12","modified_gmt":"2019-12-12T14:30:12","slug":"que-es-el-contributor-day","status":"publish","type":"page","link":"https:\/\/chiclana.wordcamp.org\/2024\/que-es-el-contributor-day\/","title":{"rendered":"\u00bfQu\u00e9 es el Contributor Day?"},"content":{"rendered":"\n<p>El <strong>Contributor Day<\/strong>, lo que significa en castellano como<strong> <\/strong>\u00abd\u00eda del contribuidor\u00bb, o D\u00eda de la Comunidad. Somos todos los que participamos en la <strong>comunidad WordPress<\/strong> y contribuimos a mejorar&nbsp;<strong><a rel=\"noreferrer noopener\" aria-label=\"el CMS que acapara m\u00e1s del 30% de Internet (abre en una nueva pesta\u00f1a)\" href=\"https:\/\/w3techs.com\/technologies\/overview\/content_management\" target=\"_blank\">el CMS que acapara m\u00e1s del 40% de Internet<\/a><\/strong>. <\/p>\n\n\n\n<h2 class=\"wp-block-heading\">\u00bfQui\u00e9n puede contribuir con WordPress?<\/h2>\n\n\n\n<p>Todo el mundo puede participar en el <strong>Contributor Day<\/strong>. <strong>\u00bfNo sabes programar? No te preocupes<\/strong>. Puedes participar en la mesa de marketing, en la mesa dise\u00f1o, en la mesa de soporte, traduciendo&#8230; <strong>\u00a1Hay un hueco para ti!<\/strong><\/p>\n\n\n\n<p>Si tienes alguna pregunta que hacer en <a rel=\"noreferrer noopener\" aria-label=\"WordPress.org (abre en una nueva pesta\u00f1a)\" href=\"https:\/\/es.wordpress.org\/support\/\" target=\"_blank\">WordPress.org<\/a>, el<strong> equipo de soporte puede resolver tus dudas ese mismo d\u00eda<\/strong>. Si contribuyes traduciendo, la pr\u00f3xima vez que utilices tu plugin favorito, lo podr\u00e1s tener en espa\u00f1ol. Tu ayuda para subir el material audiovisual de las WordCamps en <a rel=\"noreferrer noopener\" aria-label=\"WordPress.tv (abre en una nueva pesta\u00f1a)\" href=\"https:\/\/wordpress.tv\/\" target=\"_blank\">WordPress.tv<\/a> es siempre bienvenido.<\/p>\n","protected":false},"excerpt":{"rendered":"<p>El Contributor Day, lo que significa en castellano como \u00abd\u00eda del contribuidor\u00bb, o D\u00eda de la Comunidad. Somos todos los que participamos en la comunidad WordPress y contribuimos a mejorar&nbsp;el CMS que acapara m\u00e1s del 40% de Internet. \u00bfQui\u00e9n puede contribuir con WordPress? Todo el mundo puede participar en el Contributor Day. \u00bfNo sabes programar? [&hellip;]<\/p>\n","protected":false},"author":14178169,"featured_media":0,"parent":0,"menu_order":0,"comment_status":"closed","ping_status":"closed","template":"","meta":{"jetpack_post_was_ever_published":false,"footnotes":""},"class_list":["post-238","page","type-page","status-publish","hentry"],"jetpack_sharing_enabled":true,"_links":{"self":[{"href":"https:\/\/chiclana.wordcamp.org\/2024\/wp-json\/wp\/v2\/pages\/238","targetHints":{"allow":["GET"]}}],"collection":[{"href":"https:\/\/chiclana.wordcamp.org\/2024\/wp-json\/wp\/v2\/pages"}],"about":[{"href":"https:\/\/chiclana.wordcamp.org\/2024\/wp-json\/wp\/v2\/types\/page"}],"author":[{"embeddable":true,"href":"https:\/\/chiclana.wordcamp.org\/2024\/wp-json\/wp\/v2\/users\/14178169"}],"replies":[{"embeddable":true,"href":"https:\/\/chiclana.wordcamp.org\/2024\/wp-json\/wp\/v2\/comments?post=238"}],"version-history":[{"count":0,"href":"https:\/\/chiclana.wordcamp.org\/2024\/wp-json\/wp\/v2\/pages\/238\/revisions"}],"wp:attachment":[{"href":"https:\/\/chiclana.wordcamp.org\/2024\/wp-json\/wp\/v2\/media?parent=238"}],"curies":[{"name":"wp","href":"https:\/\/api.w.org\/{rel}","templated":true}]}}